{"id":93,"date":"2015-11-09T18:03:41","date_gmt":"2015-11-09T18:03:41","guid":{"rendered":"http:\/\/localhost\/hotel_zvezda\/?page_id=93"},"modified":"2019-01-18T20:44:59","modified_gmt":"2019-01-18T20:44:59","slug":"cenik","status":"publish","type":"page","link":"https:\/\/hotel-zvezda.si\/it\/hotel-zvezda\/cenik\/","title":{"rendered":"Listino prezzi"},"content":{"rendered":"<div id=\"tinder_content_93\" class=\"tinder_content_preview\">\n<div id=\"tinder_content_93\" class=\"tinder_content_preview\">\n<div id=\"tinder_content_93\" class=\"tinder_content_preview\">\n<div id=\"tinder_content_93\" class=\"tinder_content_preview\">\n<p style=\"text-align: center;\" data-mce-style=\"text-align: center;\"><strong>HOTEL ZVEZDA*** MURSKA SOBOTA<\/strong><br \/> <strong> CENIK STORITEV ZA LETO 2019<\/strong><\/p>\n<table class=\"mce-item-table\">\n<tbody style=\"background-color: #eaeaea;\" data-mce-style=\"background-color: #eaeaea;\">\n<tr>\n<td style=\"border-bottom-color: #999999; border-right-color: #999999;\" data-mce-style=\"border-bottom-color: #999999; border-right-color: #999999;\">&nbsp;<\/td>\n<td style=\"border-bottom-color: #999999; border-right-color: #999999;\" data-mce-style=\"border-bottom-color: #999999; border-right-color: #999999;\"><span style=\"color: #660000;\" data-mce-style=\"color: #660000;\"><strong>Enoposteljna soba<\/strong><\/span><br \/> <span style=\"color: #660000;\" data-mce-style=\"color: #660000;\"> <strong> Po osebi na dan<\/strong><\/span><\/td>\n<td style=\"border-bottom-color: #999999;\" data-mce-style=\"border-bottom-color: #999999;\"><span style=\"color: #660000;\" data-mce-style=\"color: #660000;\"><strong>Dvoposteljna soba<\/strong><\/span><br \/> <span style=\"color: #660000;\" data-mce-style=\"color: #660000;\"> <strong> Po osebi na dan<\/strong><\/span><\/td>\n<\/tr>\n<tr>\n<td style=\"border-bottom-color: #999999; border-right-color: #999999; text-align: right;\" data-mce-style=\"border-bottom-color: #999999; border-right-color: #999999; text-align: right;\"><span style=\"color: #660000;\" data-mce-style=\"color: #660000;\"><strong>No\u010ditev z zajtrkom<\/strong><\/span><\/td>\n<td style=\"border-bottom-color: #999999; border-right-color: #999999;\" data-mce-style=\"border-bottom-color: #999999; border-right-color: #999999;\"><strong>39 \u20ac<\/strong><\/td>\n<td style=\"border-bottom-color: #999999;\" data-mce-style=\"border-bottom-color: #999999;\"><strong>34 \u20ac<\/strong><\/td>\n<\/tr>\n<tr>\n<td style=\"border-bottom-color: #999999; border-right-color: #999999; text-align: right;\" data-mce-style=\"border-bottom-color: #999999; border-right-color: #999999; text-align: right;\"><span style=\"color: #660000;\" data-mce-style=\"color: #660000;\"><strong>Polpenzion<\/strong><\/span><\/td>\n<td style=\"border-bottom-color: #999999; border-right-color: #999999;\" data-mce-style=\"border-bottom-color: #999999; border-right-color: #999999;\"><strong>46 \u20ac<\/strong><\/td>\n<td style=\"border-bottom-color: #999999;\" data-mce-style=\"border-bottom-color: #999999;\"><strong>41 \u20ac<\/strong><\/td>\n<\/tr>\n<tr>\n<td style=\"border-right-color: #999999; text-align: right;\" data-mce-style=\"border-right-color: #999999; text-align: right;\"><span style=\"color: #660000;\" data-mce-style=\"color: #660000;\"><strong>Polni penzion<\/strong><\/span><\/td>\n<td style=\"border-right-color: #999999;\" data-mce-style=\"border-right-color: #999999;\"><strong>53 \u20ac<\/strong><\/td>\n<td><strong>48 \u20ac<\/strong><\/td>\n<\/tr>\n<\/tbody>\n<\/table>\n<p><span style=\"color: #660000;\" data-mce-style=\"color: #660000;\"><strong>Cena vklju\u010duje:<\/strong><\/span><br \/> \u2022 no\u010ditev z zajtrkom\/polpenzion po osebi v EUR<br \/> \u2022 neomejeno uporabo interneta v sobi<br \/> <span style=\"color: #660000;\" data-mce-style=\"color: #660000;\"><strong>Dopla\u010dila:<\/strong><\/span><br \/> \u2022 turisti\u010dna taksa za odrasle 2,00 EUR po osebi na dan, otroci 7 \u2013 18 let 1,00 EUR po osebi na dan<br \/> <span style=\"color: #660000;\" data-mce-style=\"color: #660000;\"><strong>Popusti:<\/strong><\/span><br \/> \u2022 otroci do 7. leta brez uslug \u2013 gratis<br \/> \u2022 otroci od 7. do 12. leta na dodatnem le\u017ei\u0161\u010du 50% popust<br \/> \u2022 otroci od 12. do 14. leta na osnovnem le\u017ei\u0161\u010du 30% popust<\/p>\n<p style=\"text-align: center;\" data-mce-style=\"text-align: center;\">Cenik velja od 01.01.2019 do preklica.<br \/> Pridru\u017eujemo si pravico do spremembe cenika brez obvestila!<\/p>\n<\/div>\n<\/div>\n<\/div>\n<\/div>\n","protected":false},"excerpt":{"rendered":"<p>HOTEL ZVEZDA*** MURSKA SOBOTA CENIK STORITEV ZA LETO 2019 &nbsp; Enoposteljna soba Po osebi na dan Dvoposteljna soba Po osebi na dan No\u010ditev z zajtrkom 39 \u20ac 34 \u20ac Polpenzion 46 \u20ac 41 \u20ac Polni penzion 53 \u20ac 48 \u20ac<\/p>\n","protected":false},"author":1,"featured_media":0,"parent":87,"menu_order":0,"comment_status":"closed","ping_status":"closed","template":"","meta":{"footnotes":""},"class_list":["post-93","page","type-page","status-publish","hentry"],"_links":{"self":[{"href":"https:\/\/hotel-zvezda.si\/it\/wp-json\/wp\/v2\/pages\/93","targetHints":{"allow":["GET"]}}],"collection":[{"href":"https:\/\/hotel-zvezda.si\/it\/wp-json\/wp\/v2\/pages"}],"about":[{"href":"https:\/\/hotel-zvezda.si\/it\/wp-json\/wp\/v2\/types\/page"}],"author":[{"embeddable":true,"href":"https:\/\/hotel-zvezda.si\/it\/wp-json\/wp\/v2\/users\/1"}],"replies":[{"embeddable":true,"href":"https:\/\/hotel-zvezda.si\/it\/wp-json\/wp\/v2\/comments?post=93"}],"version-history":[{"count":32,"href":"https:\/\/hotel-zvezda.si\/it\/wp-json\/wp\/v2\/pages\/93\/revisions"}],"predecessor-version":[{"id":2678,"href":"https:\/\/hotel-zvezda.si\/it\/wp-json\/wp\/v2\/pages\/93\/revisions\/2678"}],"up":[{"embeddable":true,"href":"https:\/\/hotel-zvezda.si\/it\/wp-json\/wp\/v2\/pages\/87"}],"wp:attachment":[{"href":"https:\/\/hotel-zvezda.si\/it\/wp-json\/wp\/v2\/media?parent=93"}],"curies":[{"name":"wp","href":"https:\/\/api.w.org\/{rel}","templated":true}]}}