{"id":54,"date":"2015-11-09T17:39:43","date_gmt":"2015-11-09T17:39:43","guid":{"rendered":"http:\/\/localhost\/hotel_zvezda\/?page_id=54"},"modified":"2020-07-31T10:29:48","modified_gmt":"2020-07-31T10:29:48","slug":"ponudba-solat","status":"publish","type":"page","link":"https:\/\/hotel-zvezda.si\/it\/restavracija\/ponudba-solat\/","title":{"rendered":"Offerte insalate"},"content":{"rendered":"<div id=\"tinder_content_54\" class=\"tinder_content_preview\">\n<div id=\"tinder_content_54\" class=\"tinder_content_preview\">\n<div class=\"lunchmenu\">\n<table class=\"mce-item-table\">\n<tbody>\n<tr>\n<td style=\"width: 250px; border-color: #F8F8F8 #F8F8F8 #555555 #F8F8F8;\" data-mce-style=\"width: 250px; border-color: #F8F8F8 #F8F8F8 #555555 #F8F8F8;\">\n<table class=\"mce-item-table\" style=\"width: 240px;\" data-mce-style=\"width: 240px;\" data-mce-selected=\"1\">\n<tbody>\n<tr>\n<td style=\"height: 190px; border-color: #F8F8F8; vertical-align: middle;\" data-mce-style=\"height: 190px; border-color: #F8F8F8; vertical-align: middle;\">Okus pomladi<\/p>\n<ul>\n<li>sestavljena solata*<\/li>\n<li>kuhan jaj\u010dek<\/li>\n<li>dresing<\/li>\n<\/ul>\n<\/td>\n<\/tr>\n<tr>\n<td style=\"height: 190px; border-color: #F8F8F8; vertical-align: middle;\" data-mce-style=\"height: 190px; border-color: #F8F8F8; vertical-align: middle;\">Solata pohan\u010dek<\/p>\n<ul>\n<ul>\n<li>sestavljena solata*<\/li>\n<li>ocvrte pi\u0161\u010dan\u010dje rezine<\/li>\n<li>dresing<\/li>\n<\/ul>\n<\/ul>\n<p><\/p>\n<\/td>\n<\/tr>\n<tr>\n<td style=\"height: 190px; border-color: #F8F8F8; vertical-align: bottom;\" data-mce-style=\"height: 190px; border-color: #F8F8F8; vertical-align: bottom;\">Tunina pravljica<\/p>\n<ul>\n<ul>\n<li>sestavljena solata*<\/li>\n<li>tuna<\/li>\n<li>dresing<\/li>\n<\/ul>\n<\/ul>\n<p><\/p>\n<\/td>\n<\/tr>\n<tr>\n<td style=\"height: 190px; border-color: #F8F8F8; vertical-align: bottom;\" data-mce-style=\"height: 190px; border-color: #F8F8F8; vertical-align: bottom;\">&nbsp;<br \/> \u0160opska solata<\/p>\n<ul>\n<li>kumarca<\/li>\n<li>paradi\u017enik<\/li>\n<li>paprika<\/li>\n<li>\u010debula<\/li>\n<li>dresing<\/li>\n<li>beli sir<\/li>\n<\/ul>\n<\/td>\n<\/tr>\n<tr>\n<td style=\"height: 190px; border-color: #F8F8F8; vertical-align: middle;\" data-mce-style=\"height: 190px; border-color: #F8F8F8; vertical-align: middle;\">Morska sirena<\/p>\n<ul>\n<ul>\n<li>sestavljena solata*<\/li>\n<li>rakovi repki<\/li>\n<li>dresing<\/li>\n<\/ul>\n<\/ul>\n<p><\/p>\n<\/td>\n<\/tr>\n<tr>\n<td style=\"height: 190px; border-color: #F8F8F8; vertical-align: middle;\" data-mce-style=\"height: 190px; border-color: #F8F8F8; vertical-align: middle;\">Solata s svinjskimi trakovi<\/p>\n<ul>\n<li>sestavljena solata*<\/li>\n<li>pohani trakovi iz svinjskega mesa<\/li>\n<li>dresing<\/li>\n<\/ul>\n<\/td>\n<\/tr>\n<tr>\n<td style=\"height: 190px; border-color: #F8F8F8; vertical-align: middle;\" data-mce-style=\"height: 190px; border-color: #F8F8F8; vertical-align: middle;\">Ribja nebesa<\/p>\n<ul>\n<li>sestavljena solata*<\/li>\n<li>ribji file<\/li>\n<li>dresing<\/li>\n<\/ul>\n<\/td>\n<\/tr>\n<\/tbody>\n<\/table>\n<\/td>\n<td style=\"border-color: #F8F8F8 #555555 #555555 #F8F8F8; vertical-align: top;\" data-mce-style=\"border-color: #F8F8F8 #555555 #555555 #F8F8F8; vertical-align: top;\">&nbsp;<\/td>\n<td style=\"width: 250px; border-color: #F8F8F8 #F8F8F8 #555555 #555555;\" data-mce-style=\"width: 250px; border-color: #F8F8F8 #F8F8F8 #555555 #555555;\">\n<table class=\"mce-item-table\" style=\"width: 240px;\" data-mce-style=\"width: 240px;\">\n<tbody>\n<tr>\n<td style=\"height: 190px; border-color: #F8F8F8; vertical-align: middle;\" data-mce-style=\"height: 190px; border-color: #F8F8F8; vertical-align: middle;\">Kraljevska solata<\/p>\n<ul>\n<li>sestavljena solata*<\/li>\n<li>pi\u0161\u010dan\u010dje rezine z \u017eara<\/li>\n<li>dresing<\/li>\n<\/ul>\n<\/td>\n<\/tr>\n<tr>\n<td style=\"height: 190px; border-color: #F8F8F8; vertical-align: middle;\" data-mce-style=\"height: 190px; border-color: #F8F8F8; vertical-align: middle;\">Solata zvezda<\/p>\n<ul>\n<li>sestavljena solata*<\/li>\n<li>pi\u0161\u010dan\u010dje rezine<\/li>\n<li>slanina<\/li>\n<li>dresing<\/li>\n<\/ul>\n<\/td>\n<\/tr>\n<tr>\n<td style=\"height: 190px; border-color: #F8F8F8; vertical-align: bottom;\" data-mce-style=\"height: 190px; border-color: #F8F8F8; vertical-align: bottom;\">Zaklad pr\u0161uta<\/p>\n<ul>\n<li>zelena solata<\/li>\n<li>pr\u0161ut<\/li>\n<li>melona<\/li>\n<li>dresing<\/li>\n<\/ul>\n<\/td>\n<\/tr>\n<tr>\n<td style=\"height: 190px; border-color: #F8F8F8; vertical-align: middle;\" data-mce-style=\"height: 190px; border-color: #F8F8F8; vertical-align: middle;\">&nbsp;<br \/> Solata testeninka<\/p>\n<ul>\n<li>testenine z gra\u0161kom, korenjem in mocarelo<\/li>\n<\/ul>\n<\/td>\n<\/tr>\n<tr>\n<td style=\"height: 190px; border-color: #F8F8F8; vertical-align: bottom;\" data-mce-style=\"height: 190px; border-color: #F8F8F8; vertical-align: bottom;\">Jabol\u010dni eliksir<\/p>\n<ul>\n<li>mix zelenih solat<\/li>\n<li>pi\u0161\u010dan\u010dje rezine<\/li>\n<li>rezine jabolk<\/li>\n<li>dresing<\/li>\n<\/ul>\n<\/td>\n<\/tr>\n<tr>\n<td style=\"height: 190px; border-color: #F8F8F8; vertical-align: bottom;\" data-mce-style=\"height: 190px; border-color: #F8F8F8; vertical-align: bottom;\">Okus poletja<\/p>\n<ul>\n<li>sestavljena solata*<\/li>\n<li>sir z \u017eara<\/li>\n<li>dresing<\/li>\n<\/ul>\n<\/td>\n<\/tr>\n<tr>\n<td style=\"height: 190px; border-color: #F8F8F8; vertical-align: bottom;\" data-mce-style=\"height: 190px; border-color: #F8F8F8; vertical-align: bottom;\">*Sestavljena solata<\/p>\n<ul>\n<li>paradi\u017enik<\/li>\n<li>paprika<\/li>\n<li>koruza<\/li>\n<li>kumara<\/li>\n<li>koren\u010dek<\/li>\n<li>stro\u010dji fi\u017eol<\/li>\n<li>zelena solata<\/li>\n<\/ul>\n<\/td>\n<\/tr>\n<\/tbody>\n<\/table>\n<\/td>\n<td style=\"border-color: #F8F8F8 #F8F8F8 #555555 #F8F8F8; vertical-align: top;\" data-mce-style=\"border-color: #F8F8F8 #F8F8F8 #555555 #F8F8F8; vertical-align: top;\"><\/td>\n<\/tr>\n<\/tbody>\n<\/table>\n<p><\/div>\n<\/div>\n<\/div>\n","protected":false},"excerpt":{"rendered":"<p>Okus pomladi sestavljena solata* kuhan jaj\u010dek dresing Solata pohan\u010dek sestavljena solata* ocvrte pi\u0161\u010dan\u010dje rezine dresing Tunina pravljica sestavljena solata* tuna dresing &nbsp; \u0160opska solata kumarca paradi\u017enik paprika \u010debula dresing beli sir Morska sirena sestavljena solata* rakovi repki dresing Solata s<\/p>\n","protected":false},"author":1,"featured_media":0,"parent":46,"menu_order":0,"comment_status":"closed","ping_status":"closed","template":"","meta":{"footnotes":""},"class_list":["post-54","page","type-page","status-publish","hentry"],"_links":{"self":[{"href":"https:\/\/hotel-zvezda.si\/it\/wp-json\/wp\/v2\/pages\/54","targetHints":{"allow":["GET"]}}],"collection":[{"href":"https:\/\/hotel-zvezda.si\/it\/wp-json\/wp\/v2\/pages"}],"about":[{"href":"https:\/\/hotel-zvezda.si\/it\/wp-json\/wp\/v2\/types\/page"}],"author":[{"embeddable":true,"href":"https:\/\/hotel-zvezda.si\/it\/wp-json\/wp\/v2\/users\/1"}],"replies":[{"embeddable":true,"href":"https:\/\/hotel-zvezda.si\/it\/wp-json\/wp\/v2\/comments?post=54"}],"version-history":[{"count":214,"href":"https:\/\/hotel-zvezda.si\/it\/wp-json\/wp\/v2\/pages\/54\/revisions"}],"predecessor-version":[{"id":2763,"href":"https:\/\/hotel-zvezda.si\/it\/wp-json\/wp\/v2\/pages\/54\/revisions\/2763"}],"up":[{"embeddable":true,"href":"https:\/\/hotel-zvezda.si\/it\/wp-json\/wp\/v2\/pages\/46"}],"wp:attachment":[{"href":"https:\/\/hotel-zvezda.si\/it\/wp-json\/wp\/v2\/media?parent=54"}],"curies":[{"name":"wp","href":"https:\/\/api.w.org\/{rel}","templated":true}]}}