{"id":1116,"date":"2016-02-06T19:26:30","date_gmt":"2016-02-06T19:26:30","guid":{"rendered":"http:\/\/localhost\/hotel_zvezda\/?page_id=1116"},"modified":"2019-08-19T06:31:15","modified_gmt":"2019-08-19T06:31:15","slug":"prekmurske-specialitete","status":"publish","type":"page","link":"https:\/\/hotel-zvezda.si\/it\/prekmurske-specialitete\/","title":{"rendered":"Offerta pranzi"},"content":{"rendered":"<div id=\"tinder_content_1116\" class=\"tinder_content_preview\">\n<p><span style=\"color: #333333;\">Na tej strani vam bo na voljo ponudba kosil, ki jih dnevno stre\u017eemo v restavraciji in pivnici Zvezda ter na letnem vrtu. Kosila so vam na voljo vsak dan med 11.00 in 16.00 uro.<\/span><\/p>\n<p>Kosilo zajema: dnevno samopostre\u017eno juho (dve vrsti), stre\u017eeno glavno jed, samopostre\u017eno solato in sladico.<\/p>\n<table>\n<tbody>\n<tr>\n<td style=\"border: #F8F8F8;\"><span style=\"color: #333333;\"><span style=\"color: #333333;\">Cena kosil:<\/span><\/span><\/p>\n<ul>\n<li>med tednom: 8,50 \u20ac<\/li>\n<li>ob nedeljah (samopostre\u017eno kosilo): 11,50 \u20ac<\/li>\n<\/ul>\n<\/td>\n<td style=\"border: #F8F8F8;\">\n<table>\n<tbody>\n<tr>\n<td style=\"border: #F8F8F8; padding: 0;\">\n<ul id=\"meni\">\n<li><a href=\"https:\/\/www.hotel-zvezda.si\/index.php\/restavracija\/ponudba-kosil\/#title_48\">Zvezdine dobrote<\/a><\/li>\n<li><a style=\"background-color: #d7d5c8; color: #23201b;\">Prekmurske specialitete<\/a><\/li>\n<li><a href=\"https:\/\/www.hotel-zvezda.si\/index.php\/hladne-zacetne-jedi\/#title_1130\">Hladne za\u010detne jedi<\/a><\/li>\n<li><a href=\"https:\/\/www.hotel-zvezda.si\/index.php\/juhe\/#title_1132\">Juhe<\/a><\/li>\n<li><a href=\"https:\/\/www.hotel-zvezda.si\/index.php\/ribe\/#title_1136\">Ribe<\/a><\/li>\n<\/ul>\n<\/td>\n<\/tr>\n<tr>\n<td style=\"border: #F8F8F8; padding: 0;\">\n<ul id=\"meni\">\n<li><a href=\"https:\/\/www.hotel-zvezda.si\/index.php\/tople-zacetne-jedi\/#title_1134\">Tople za\u010detne jedi<\/a><\/li>\n<li><a href=\"https:\/\/www.hotel-zvezda.si\/index.php\/jedi-po-narocilu\/#title_1138\">Jedi po naro\u010dilu<\/a><\/li>\n<li><a href=\"https:\/\/www.hotel-zvezda.si\/index.php\/priloge\/#title_1140\">Priloge<\/a><\/li>\n<li><a href=\"https:\/\/www.hotel-zvezda.si\/index.php\/solate\/#title_1142\">Solate<\/a><\/li>\n<li><a href=\"https:\/\/www.hotel-zvezda.si\/index.php\/siri\/#title_1184\">Siri<\/a><\/li>\n<li><a href=\"https:\/\/www.hotel-zvezda.si\/index.php\/sladice\/#title_1144\">Sladice<\/a><\/li>\n<\/ul>\n<\/td>\n<\/tr>\n<\/tbody>\n<\/table>\n<\/td>\n<\/tr>\n<\/tbody>\n<\/table>\n<table>\n<tbody>\n<tr>\n<td style=\"border: #F8F8F8; vertical-align: top; background-image: url('https:\/\/www.hotel-zvezda.si\/wp-content\/uploads\/2015\/11\/kosila6b.jpg'); background-position: top center; background-repeat: no-repeat;\" width=\"220px\" height=\"1000px\"><\/td>\n<td style=\"border: #F8F8F8; vertical-align: top;\">\n<div class=\"lunchmenu\">\n<table class=\"aligncenter\" style=\"width: 520px;\">\n<tbody>\n<tr>\n<td style=\"text-align: left; border: #F8F8F8;\">\n<table>\n<tbody>\n<tr>\n<td style=\"width: 400px; border: #23201B; border-bottom-style: dotted;\"><strong>CIGANSKA PE\u010cENKA s pra\u017eenim krompirjem<\/strong><\/td>\n<td style=\"width: 120px; text-align: right; border: #23201B; border-bottom-style: dotted;\"><strong>8,50 EUR<\/strong><\/td>\n<\/tr>\n<tr>\n<td style=\"width: 400px; border: #23201B; border-bottom-style: dotted;\"><strong>PREKMURSKA PE\u010cENKA s \u0161irokimi rezanci in omako<\/strong><\/td>\n<td style=\"width: 120px; text-align: right; border: #23201B; border-bottom-style: dotted;\"><strong>9,00 EUR<\/strong><\/td>\n<\/tr>\n<tr>\n<td style=\"width: 400px; border: #23201B; border-bottom-style: dotted;\"><strong>BR\u017dOLA PO SOBO\u0160KO v pikantni omaki s tarhonijo<\/strong><\/td>\n<td style=\"width: 120px; text-align: right; border: #23201B; border-bottom-style: dotted;\"><strong>10,00 EUR<\/strong><\/td>\n<\/tr>\n<tr>\n<td style=\"width: 400px; border: #23201B; border-bottom-style: dotted;\"><strong>GORI\u010cKI ZVITKI S PRILOGO<\/strong><\/td>\n<td style=\"width: 120px; text-align: right; border: #23201B; border-bottom-style: dotted;\"><strong>9,00 EUR<\/strong><\/td>\n<\/tr>\n<tr>\n<td style=\"width: 400px; border: #23201B; border-bottom-style: dotted;\"><strong>BOGRA\u010c<\/strong><\/td>\n<td style=\"width: 120px; text-align: right; border: #23201B; border-bottom-style: dotted;\"><strong>6,00\u00a0 EUR<\/strong><\/td>\n<\/tr>\n<\/tbody>\n<\/table>\n<\/td>\n<\/tr>\n<\/tbody>\n<\/table>\n<\/div>\n<\/td>\n<td style=\"border: #F8F8F8; vertical-align: top; background-image: url('https:\/\/www.hotel-zvezda.si\/wp-content\/uploads\/2015\/11\/kosila6c.jpg'); background-position: top center; background-repeat: no-repeat;\" width=\"220px\" height=\"1000px\"><\/td>\n<\/tr>\n<\/tbody>\n<\/table>\n<\/div>\n","protected":false},"excerpt":{"rendered":"<p>Na tej strani vam bo na voljo ponudba kosil, ki jih dnevno stre\u017eemo v restavraciji in pivnici Zvezda ter na letnem vrtu. Kosila so vam na voljo vsak dan med 11.00 in 16.00 uro. Kosilo zajema: dnevno samopostre\u017eno juho (dve<\/p>\n","protected":false},"author":1,"featured_media":0,"parent":0,"menu_order":0,"comment_status":"closed","ping_status":"closed","template":"","meta":{"footnotes":""},"class_list":["post-1116","page","type-page","status-publish","hentry"],"_links":{"self":[{"href":"https:\/\/hotel-zvezda.si\/it\/wp-json\/wp\/v2\/pages\/1116","targetHints":{"allow":["GET"]}}],"collection":[{"href":"https:\/\/hotel-zvezda.si\/it\/wp-json\/wp\/v2\/pages"}],"about":[{"href":"https:\/\/hotel-zvezda.si\/it\/wp-json\/wp\/v2\/types\/page"}],"author":[{"embeddable":true,"href":"https:\/\/hotel-zvezda.si\/it\/wp-json\/wp\/v2\/users\/1"}],"replies":[{"embeddable":true,"href":"https:\/\/hotel-zvezda.si\/it\/wp-json\/wp\/v2\/comments?post=1116"}],"version-history":[{"count":47,"href":"https:\/\/hotel-zvezda.si\/it\/wp-json\/wp\/v2\/pages\/1116\/revisions"}],"predecessor-version":[{"id":2676,"href":"https:\/\/hotel-zvezda.si\/it\/wp-json\/wp\/v2\/pages\/1116\/revisions\/2676"}],"wp:attachment":[{"href":"https:\/\/hotel-zvezda.si\/it\/wp-json\/wp\/v2\/media?parent=1116"}],"curies":[{"name":"wp","href":"https:\/\/api.w.org\/{rel}","templated":true}]}}