{"id":48,"date":"2015-11-09T17:38:44","date_gmt":"2015-11-09T17:38:44","guid":{"rendered":"http:\/\/localhost\/hotel_zvezda\/?page_id=48"},"modified":"2020-05-30T08:09:15","modified_gmt":"2020-05-30T08:09:15","slug":"ponudba-kosil","status":"publish","type":"page","link":"https:\/\/hotel-zvezda.si\/en\/restavracija\/ponudba-kosil\/","title":{"rendered":"Lunch offer"},"content":{"rendered":"<div id=\"tinder_content_48\" class=\"tinder_content_preview\">\n<div id=\"tinder_content_48\" class=\"tinder_content_preview\">\n<div id=\"tinder_content_48\" class=\"tinder_content_preview\">\n<p><span style=\"color: #333333;\" data-mce-style=\"color: #333333;\">Na tej strani vam bo na voljo ponudba kosil, ki jih dnevno stre\u017eemo v restavraciji in pivnici Zvezda ter na letnem vrtu. Kosila so vam na voljo vsak dan med 11.00 in 16.00 uro.<\/span><\/p>\n<p>Kosilo zajema: dnevno samopostre\u017eno juho (dve vrsti), stre\u017eeno glavno jed, samopostre\u017eno solato in sladico.<\/p>\n<table class=\"mce-item-table\" data-mce-selected=\"1\">\n<tbody>\n<tr>\n<td style=\"border: #F8F8F8;\" data-mce-style=\"border: #F8F8F8;\"><span style=\"color: #333333;\" data-mce-style=\"color: #333333;\"><span style=\"color: #333333;\" data-mce-style=\"color: #333333;\">Cena kosil:<\/span><\/span><\/p>\n<ul>\n<li>med tednom: 8,00 \u20ac<\/li>\n<li>ob nedeljah (samopostre\u017eno kosilo): 10,90 \u20ac<\/li>\n<\/ul>\n<\/td>\n<td style=\"border: #F8F8F8;\" data-mce-style=\"border: #F8F8F8;\">\n<table class=\"mce-item-table\" data-mce-selected=\"1\">\n<tbody>\n<tr>\n<td style=\"border: #F8F8F8; padding: 0;\" data-mce-style=\"border: #F8F8F8; padding: 0;\">\n<ul id=\"meni\">\n<li><a style=\"background-color: #d7d5c8; color: #23201b;\" data-mce-style=\"background-color: #d7d5c8; color: #23201b;\">Zvezdine dobrote<\/a><\/li>\n<li><a href=\"https:\/\/www.hotel-zvezda.si\/index.php\/prekmurske-specialitete\/#title_1116\" data-mce-href=\"https:\/\/www.hotel-zvezda.si\/index.php\/prekmurske-specialitete\/#title_1116\">Prekmurske specialitete<\/a><\/li>\n<li><a href=\"https:\/\/www.hotel-zvezda.si\/index.php\/hladne-zacetne-jedi\/#title_1130\" data-mce-href=\"https:\/\/www.hotel-zvezda.si\/index.php\/hladne-zacetne-jedi\/#title_1130\">Hladne za\u010detne jedi<\/a><\/li>\n<li><a href=\"https:\/\/www.hotel-zvezda.si\/index.php\/juhe\/#title_1132\" data-mce-href=\"https:\/\/www.hotel-zvezda.si\/index.php\/juhe\/#title_1132\">Juhe<\/a><\/li>\n<li><a href=\"https:\/\/www.hotel-zvezda.si\/index.php\/ribe\/#title_1136\" data-mce-href=\"https:\/\/www.hotel-zvezda.si\/index.php\/ribe\/#title_1136\">Ribe<\/a><\/li>\n<\/ul>\n<\/td>\n<\/tr>\n<tr>\n<td style=\"border: #F8F8F8; padding: 0;\" data-mce-style=\"border: #F8F8F8; padding: 0;\">\n<ul id=\"meni\">\n<li><a href=\"https:\/\/www.hotel-zvezda.si\/index.php\/tople-zacetne-jedi\/#title_1134\" data-mce-href=\"https:\/\/www.hotel-zvezda.si\/index.php\/tople-zacetne-jedi\/#title_1134\">Tople za\u010detne jedi<\/a><\/li>\n<li><a href=\"https:\/\/www.hotel-zvezda.si\/index.php\/jedi-po-narocilu\/#title_1138\" data-mce-href=\"https:\/\/www.hotel-zvezda.si\/index.php\/jedi-po-narocilu\/#title_1138\">Jedi po naro\u010dilu<\/a><\/li>\n<li><a href=\"https:\/\/www.hotel-zvezda.si\/index.php\/priloge\/#title_1140\" data-mce-href=\"https:\/\/www.hotel-zvezda.si\/index.php\/priloge\/#title_1140\">Priloge<\/a><\/li>\n<li><a href=\"https:\/\/www.hotel-zvezda.si\/index.php\/solate\/#title_1142\" data-mce-href=\"https:\/\/www.hotel-zvezda.si\/index.php\/solate\/#title_1142\">Solate<\/a><\/li>\n<li><a href=\"https:\/\/www.hotel-zvezda.si\/index.php\/siri\/#title_1184\" data-mce-href=\"https:\/\/www.hotel-zvezda.si\/index.php\/siri\/#title_1184\">Siri<\/a><\/li>\n<li><a href=\"https:\/\/www.hotel-zvezda.si\/index.php\/sladice\/#title_1144\" data-mce-href=\"https:\/\/www.hotel-zvezda.si\/index.php\/sladice\/#title_1144\">Sladice<\/a><\/li>\n<\/ul>\n<\/td>\n<\/tr>\n<\/tbody>\n<\/table>\n<\/td>\n<\/tr>\n<\/tbody>\n<\/table>\n<table class=\"mce-item-table\">\n<tbody>\n<tr>\n<td style=\"border: #F8F8F8; vertical-align: top; background-image: url('https:\/\/www.hotel-zvezda.si\/wp-content\/uploads\/2015\/11\/mesano.jpg'); background-position: top center; background-repeat: no-repeat;\" width=\"220px\" height=\"1000px\" data-mce-style=\"border: #F8F8F8; vertical-align: top; background-image: url('https:\/\/www.hotel-zvezda.si\/wp-content\/uploads\/2015\/11\/mesano.jpg'); background-position: top center; background-repeat: no-repeat;\">&nbsp;<\/td>\n<td style=\"border: #F8F8F8; vertical-align: top;\" data-mce-style=\"border: #F8F8F8; vertical-align: top;\">\n<div class=\"lunchmenu\">\n<table class=\"aligncenter mce-item-table\" style=\"width: 520px;\" data-mce-style=\"width: 520px;\">\n<tbody>\n<tr>\n<td style=\"text-align: left; border: #F8F8F8;\" data-mce-style=\"text-align: left; border: #F8F8F8;\">\n<table class=\"mce-item-table\" style=\"height: 391px;\" width=\"513\" data-mce-selected=\"1\" data-mce-style=\"height: 391px;\">\n<tbody>\n<tr>\n<td style=\"width: 400px; border: #23201B; border-bottom-style: dotted;\" data-mce-style=\"width: 400px; border: #23201B; border-bottom-style: dotted;\"><strong>PLO\u0160\u010cA ZVEZDA<\/strong><br \/> (za dve osebi)<\/td>\n<td style=\"width: 120px; text-align: right; border: #23201B; border-bottom-style: dotted;\" data-mce-style=\"width: 120px; text-align: right; border: #23201B; border-bottom-style: dotted;\"><strong>24,00 EUR<\/strong><\/td>\n<\/tr>\n<tr>\n<td style=\"width: 400px; border: #23201B; border-bottom-style: dotted;\" data-mce-style=\"width: 400px; border: #23201B; border-bottom-style: dotted;\"><strong>OCVRT PI\u0160\u010cANEC (\u00bd)<\/strong><\/td>\n<td style=\"width: 120px; text-align: right; border: #23201B; border-bottom-style: dotted;\" data-mce-style=\"width: 120px; text-align: right; border: #23201B; border-bottom-style: dotted;\"><strong>9,00 EUR<\/strong><\/td>\n<\/tr>\n<tr>\n<td style=\"width: 400px; border: #23201B; border-bottom-style: dotted;\" data-mce-style=\"width: 400px; border: #23201B; border-bottom-style: dotted;\"><strong>ME\u0160ANO MESO NA \u017dARU<\/strong><br \/> (\u010devap\u010di\u010di, ra\u017enji\u010d, kotlet, slanina, klobasa, priloga)<\/td>\n<td style=\"width: 120px; text-align: right; border: #23201B; border-bottom-style: dotted;\" data-mce-style=\"width: 120px; text-align: right; border: #23201B; border-bottom-style: dotted;\"><strong>10,00 EUR<\/strong><\/td>\n<\/tr>\n<tr>\n<td style=\"width: 400px; border: #23201B; border-bottom-style: dotted;\" data-mce-style=\"width: 400px; border: #23201B; border-bottom-style: dotted;\"><strong>KISLA JUHA<\/strong><\/td>\n<td style=\"width: 120px; text-align: right; border: #23201B; border-bottom-style: dotted;\" data-mce-style=\"width: 120px; text-align: right; border: #23201B; border-bottom-style: dotted;\"><strong>4,00 EUR<\/strong><\/td>\n<\/tr>\n<tr>\n<td style=\"width: 400px; border: #23201B; border-bottom-style: dotted;\" data-mce-style=\"width: 400px; border: #23201B; border-bottom-style: dotted;\"><strong>VAMPI<\/strong><\/td>\n<td style=\"width: 120px; text-align: right; border: #23201B; border-bottom-style: dotted;\" data-mce-style=\"width: 120px; text-align: right; border: #23201B; border-bottom-style: dotted;\"><strong>4,80 EUR<\/strong><\/td>\n<\/tr>\n<tr>\n<td style=\"width: 400px; border: #23201B; border-bottom-style: dotted;\" data-mce-style=\"width: 400px; border: #23201B; border-bottom-style: dotted;\"><strong>GOVEJI GOLA\u017d<\/strong><\/td>\n<td style=\"width: 120px; text-align: right; border: #23201B; border-bottom-style: dotted;\" data-mce-style=\"width: 120px; text-align: right; border: #23201B; border-bottom-style: dotted;\"><strong>5,00 EUR<\/strong><\/td>\n<\/tr>\n<tr>\n<td style=\"width: 400px; border: #23201B; border-bottom-style: dotted;\" data-mce-style=\"width: 400px; border: #23201B; border-bottom-style: dotted;\"><strong>PIVSKA PONEV S PRILOGO<\/strong><\/td>\n<td style=\"width: 120px; text-align: right; border: #23201B; border-bottom-style: dotted;\" data-mce-style=\"width: 120px; text-align: right; border: #23201B; border-bottom-style: dotted;\"><strong>6,50 EUR<\/strong><\/td>\n<\/tr>\n<tr>\n<td style=\"width: 400px; border: #23201B; border-bottom-style: dotted;\" data-mce-style=\"width: 400px; border: #23201B; border-bottom-style: dotted;\"><strong>AJDOVE ZLEVANKE (za dve osebi)<\/strong><\/td>\n<td style=\"width: 120px; text-align: right; border: #23201B; border-bottom-style: dotted;\" data-mce-style=\"width: 120px; text-align: right; border: #23201B; border-bottom-style: dotted;\"><strong>6,50 EUR<\/strong><\/td>\n<\/tr>\n<tr>\n<td style=\"width: 400px; border: #23201B; border-bottom-style: dotted;\" data-mce-style=\"width: 400px; border: #23201B; border-bottom-style: dotted;\"><strong>GIBANICA \u00bbZVEZDA\u00ab<\/strong><\/td>\n<td style=\"width: 120px; text-align: right; border: #23201B; border-bottom-style: dotted;\" data-mce-style=\"width: 120px; text-align: right; border: #23201B; border-bottom-style: dotted;\"><strong>3,50 EUR<\/strong><\/td>\n<\/tr>\n<\/tbody>\n<\/table>\n<\/td>\n<\/tr>\n<\/tbody>\n<\/table>\n<\/div>\n<\/td>\n<td style=\"border: #F8F8F8; vertical-align: top; background-image: url('https:\/\/www.hotel-zvezda.si\/wp-content\/uploads\/2015\/11\/kosila5b.jpg'); background-position: top center; background-repeat: no-repeat;\" width=\"220px\" height=\"1000px\" data-mce-style=\"border: #F8F8F8; vertical-align: top; background-image: url('https:\/\/www.hotel-zvezda.si\/wp-content\/uploads\/2015\/11\/kosila5b.jpg'); background-position: top center; background-repeat: no-repeat;\">&nbsp;<\/td>\n<\/tr>\n<\/tbody>\n<\/table>\n<\/div>\n<\/div>\n<\/div>\n<div id=\"mceResizeHandlen\" data-mce-bogus=\"all\" class=\"mce-resizehandle\" unselectable=\"true\" style=\"cursor: n-resize; margin: 0px; padding: 0px; left: 494px; top: 467.5px;\"><\/div>\n<div id=\"mceResizeHandlee\" data-mce-bogus=\"all\" class=\"mce-resizehandle\" unselectable=\"true\" style=\"cursor: e-resize; margin: 0px; padding: 0px; left: 750.5px; top: 663px;\"><\/div>\n<div id=\"mceResizeHandles\" data-mce-bogus=\"all\" class=\"mce-resizehandle\" unselectable=\"true\" style=\"cursor: s-resize; margin: 0px; padding: 0px; left: 494px; top: 858.5px;\"><\/div>\n<div id=\"mceResizeHandlew\" data-mce-bogus=\"all\" class=\"mce-resizehandle\" unselectable=\"true\" style=\"cursor: w-resize; margin: 0px; padding: 0px; left: 237.5px; top: 663px;\"><\/div>\n<div id=\"mceResizeHandlenw\" data-mce-bogus=\"all\" class=\"mce-resizehandle\" unselectable=\"true\" style=\"cursor: nw-resize; margin: 0px; padding: 0px; left: 237.5px; top: 467.5px;\"><\/div>\n<div id=\"mceResizeHandlene\" data-mce-bogus=\"all\" class=\"mce-resizehandle\" unselectable=\"true\" style=\"cursor: ne-resize; margin: 0px; padding: 0px; left: 750.5px; top: 467.5px;\"><\/div>\n<div id=\"mceResizeHandlese\" data-mce-bogus=\"all\" class=\"mce-resizehandle\" unselectable=\"true\" style=\"cursor: se-resize; margin: 0px; padding: 0px; left: 750.5px; top: 858.5px;\"><\/div>\n<div id=\"mceResizeHandlesw\" data-mce-bogus=\"all\" class=\"mce-resizehandle\" unselectable=\"true\" style=\"cursor: sw-resize; margin: 0px; padding: 0px; left: 237.5px; top: 858.5px;\"><\/div>\n","protected":false},"excerpt":{"rendered":"<p>Na tej strani vam bo na voljo ponudba kosil, ki jih dnevno stre\u017eemo v restavraciji in pivnici Zvezda ter na letnem vrtu. Kosila so vam na voljo vsak dan med 11.00 in 16.00 uro. Kosilo zajema: dnevno samopostre\u017eno juho (dve<\/p>\n","protected":false},"author":1,"featured_media":0,"parent":46,"menu_order":0,"comment_status":"closed","ping_status":"closed","template":"","meta":{"footnotes":""},"class_list":["post-48","page","type-page","status-publish","hentry"],"_links":{"self":[{"href":"https:\/\/hotel-zvezda.si\/en\/wp-json\/wp\/v2\/pages\/48","targetHints":{"allow":["GET"]}}],"collection":[{"href":"https:\/\/hotel-zvezda.si\/en\/wp-json\/wp\/v2\/pages"}],"about":[{"href":"https:\/\/hotel-zvezda.si\/en\/wp-json\/wp\/v2\/types\/page"}],"author":[{"embeddable":true,"href":"https:\/\/hotel-zvezda.si\/en\/wp-json\/wp\/v2\/users\/1"}],"replies":[{"embeddable":true,"href":"https:\/\/hotel-zvezda.si\/en\/wp-json\/wp\/v2\/comments?post=48"}],"version-history":[{"count":97,"href":"https:\/\/hotel-zvezda.si\/en\/wp-json\/wp\/v2\/pages\/48\/revisions"}],"predecessor-version":[{"id":2744,"href":"https:\/\/hotel-zvezda.si\/en\/wp-json\/wp\/v2\/pages\/48\/revisions\/2744"}],"up":[{"embeddable":true,"href":"https:\/\/hotel-zvezda.si\/en\/wp-json\/wp\/v2\/pages\/46"}],"wp:attachment":[{"href":"https:\/\/hotel-zvezda.si\/en\/wp-json\/wp\/v2\/media?parent=48"}],"curies":[{"name":"wp","href":"https:\/\/api.w.org\/{rel}","templated":true}]}}