{"id":87,"date":"2015-11-09T18:02:56","date_gmt":"2015-11-09T18:02:56","guid":{"rendered":"http:\/\/localhost\/hotel_zvezda\/?page_id=87"},"modified":"2016-05-18T15:22:34","modified_gmt":"2016-05-18T15:22:34","slug":"hotel-zvezda","status":"publish","type":"page","link":"https:\/\/hotel-zvezda.si\/de\/hotel-zvezda\/","title":{"rendered":"Hotel Zvezda***"},"content":{"rendered":"<p><\/p>\n<p style=\"text-align: justify;\">Das legend\u00e4re Hotel Dobray in Murska Sobota aus dem Jahr 1910, das sp\u00e4ter in Hotel Zvezda*** umbenannt wurde, war in verschiedenen historischen Epochen das Zentrum des gesellschaftlichen und politischen Lebens.<br \/>\nNach einer gr\u00fcndlichen Renovierung wurde er als Hoteldenpendance Dobray er\u00f6ffnet. Im April 2009 \u00f6ffnete die T\u00fcr das komplett erneuerte und unabh\u00e4ngige Hotel Zvezda***. Das Hotelzimmerinterieur ist im massiven Biedermeierstil m\u00f6bliert. Die Zimmer sind in drei Etagen, die sich nach den Farben des Nadelvlieses am Boden (rot, gr\u00fcn und blau). Auf unserem Hof hinter dem Hotel befindet sich der Hotelparkplatz, von dem Sie direkt zur Rezeption gelangen. Unsere Hotelrezeption ist nat\u00fcrlich mit dem Zentralgeb\u00e4ude, dem Bierhaus und Restaurant verbunden.<br \/>\nDas zeitgen\u00f6ssisch ausgestattete Hotel Zvezda*** bietet Ihnen Unterkunft in renovierten Zimmern mit: Badezimmer, SAT TV, Klimaanlage (selbstregulierbar), Telefon, gratis WLAN und Minibar. Einige Zimmer sind auch mit Balkon.<\/p>\n<table>\n<tbody>\n<tr>\n<td style=\"border-color: #F8F8F8; text-align: right; padding:0;\"><strong>Zur Verf\u00fcgung stehen:<\/strong><\/td>\n<td style=\"border-color: #F8F8F8; vertical-align: top; font-size: 14px; padding:0;\">\n<ul>\n<li>12 Doppelzimmer (Franz\u00f6sisches Bett)<\/li>\n<li>12 Zweibettzimmer (getrennte Betten)<\/li>\n<li>drei Familienzimmer (Franz\u00f6sisches Bett + Zusatzbett)<\/li>\n<li>drei Einzelbettzimmer<\/li>\n<li>alle Zimmer k\u00f6nnen auch als Einzelbettzimmer genutzt werden<\/li>\n<\/ul>\n<\/td>\n<td style=\"border-color: #F8F8F8; vertical-align: top;\"><img decoding=\"async\" src=\"https:\/\/www.hotel-zvezda.si\/wp-content\/uploads\/2016\/02\/pet_friendly3.png\" alt=\"\" width=\"130\" \/><\/td>\n<td style=\"border-color: #F8F8F8; vertical-align: top;\"><img decoding=\"async\" src=\"https:\/\/www.hotel-zvezda.si\/wp-content\/uploads\/2016\/02\/cyclist_welcome.png\" alt=\"\" width=\"174\" \/><\/td>\n<td style=\"border-color: #F8F8F8; vertical-align: top;\"><img decoding=\"async\" src=\"https:\/\/www.hotel-zvezda.si\/wp-content\/uploads\/2016\/02\/bikerswelcome2.png\" alt=\"\" width=\"174\" \/><\/td>\n<\/tr>\n<\/tbody>\n<\/table>\n<p><div id=\"grid-gallery-15-21021\" data-gg-id=\"15\" data-title=\"Hotel sobe\" data-grid-type=\"0\" data-offset=\"5.3\" data-area-position=\"center\" data-icons=\"\" data-preloader=\"\" data-width=\"105\" data-height=\"105\" data-padding=\"0\" data-quicksand=\"disabled\" data-quicksand-duration=\"none\" data-popup-theme=\"theme_3\" data-popup-type=\"colorbox\" data-popup-fadeOut=\"300\" data-popup-captions=\"hide\" data-popup-image-text=\"title\" data-popup-widthsize=\"auto\" data-popup-heightsize=\"auto\" data-popup-i18n-words=\"{&quot;close&quot;:&quot;schlie\\u00dfen&quot;,&quot;next&quot;:&quot;n\\u00e4chste&quot;,&quot;previous&quot;:&quot;vorherige&quot;,&quot;start_slideshow&quot;:&quot;Starte Slideshow&quot;,&quot;stop_slideshow&quot;:&quot;Stoppe Slideshow&quot;,&quot;image&quot;:&quot;Bild&quot;,&quot;of&quot;:&quot;von&quot;,&quot;prev&quot;:&quot;vorherige&quot;,&quot;cExpand&quot;:&quot;Erweitere&quot;,&quot;cPrevious&quot;:&quot;Vorheriges&quot;,&quot;cNext&quot;:&quot;N\\u00e4chstes&quot;,&quot;cExpandStr&quot;:&quot;Erweitere Bild&quot;,&quot;cRotate&quot;:&quot;Rotate&quot;,&quot;cDetails&quot;:&quot;Details&quot;}\" data-popup-slideshow=\"false\" data-popup-slideshow-speed=\"2500\" data-popup-hoverstop=\"true\" data-popup-slideshow-auto=\"true\" data-popup-background=\"\" data-popup-transparency=\"30\" data-popup-disable-history=\"\" data-popup-disable-changed-url=\"\" data-popup-border-type=\"\" data-popup-border-color=\"\" data-popup-border-width=\"\" data-popup-border-enable=\"\" data-fullscreen=\"false\" data-hide-tooltip=\"false\" data-caption-font-family=\"Default\" data-caption-text-size=\"140\" data-is-mobile=\"0\" data-caption-mobile=\"false\" data-hide-long-tltp-title=\"0\" data-caption-disabled-on-mobile=\"false\" data-popup-placement-type=\"0\" data-social-sharing=\"{&quot;enabled&quot;:null,&quot;gallerySharing&quot;:{&quot;enabled&quot;:null,&quot;position&quot;:null},&quot;imageSharing&quot;:{&quot;enabled&quot;:null,&quot;wrapperClass&quot;:&quot; vertical &quot;},&quot;popupSharing&quot;:{&quot;enabled&quot;:null,&quot;wrapperClass&quot;:&quot; vertical &quot;}}\" class=\"grid-gallery grid-gallery-fixed \" style=\" width:100%; height:auto; margin-left:auto; margin-right:auto;position:relative;\"> <div class=\"gallery-loading\"> <div class=\"blocks\"> <div class=\"block\"><\/div> <div class=\"block\"><\/div> <div class=\"block\"><\/div> <div class=\"block\"><\/div> <\/div> <\/div> <div class=\"gallery-sharing-top\" style=\"display:none;\"> <\/div> <div id=\"photos-15\" class=\"grid-gallery-photos\"><FIGURE class=\"grid-gallery-caption\" data-grid-gallery-type=\"quarter-slide-up\" data-index=\"0\" style=\"display:none;border-radius:00;; margin:5.3px; width:1050;\" ><div class=\"crop\" style=\" width:1050; height:1050; overflow:hidden;\"><img decoding=\"async\" src=\"https:\/\/hotel-zvezda.si\/wp-content\/uploads\/2016\/02\/sobe_005.jpg\" class=\"ggImg\" alt=\"sobe_005\" title=\"sobe_005\" data-description=\"sobe_005\" data-caption=\"sobe_005\" data-title=\"sobe_005\" style=\" width:105px; height:105px;\" \/><\/div><FIGCAPTION class=\"\" data-alpha=\"5\" style=\"color:#ffffff; background-color:#6f0000; font-size:140; text-align:left; font-family:Default;\" ><div class=\"grid-gallery-figcaption-wrap\" style=\"\"><\/div><\/FIGCAPTION><\/FIGURE><FIGURE class=\"grid-gallery-caption\" data-grid-gallery-type=\"quarter-slide-up\" data-index=\"1\" style=\"display:none;border-radius:00;; margin:5.3px; width:1050;\" ><div class=\"crop\" style=\" width:1050; height:1050; overflow:hidden;\"><img decoding=\"async\" src=\"https:\/\/hotel-zvezda.si\/wp-content\/uploads\/2016\/02\/sobe_019.jpg\" class=\"ggImg\" alt=\"sobe_019\" title=\"sobe_019\" data-description=\"sobe_019\" data-caption=\"sobe_019\" data-title=\"sobe_019\" style=\" width:105px; height:105px;\" \/><\/div><FIGCAPTION class=\"\" data-alpha=\"5\" style=\"color:#ffffff; background-color:#6f0000; font-size:140; text-align:left; font-family:Default;\" ><div class=\"grid-gallery-figcaption-wrap\" style=\"\"><\/div><\/FIGCAPTION><\/FIGURE><FIGURE class=\"grid-gallery-caption\" data-grid-gallery-type=\"quarter-slide-up\" data-index=\"2\" style=\"display:none;border-radius:00;; margin:5.3px; width:1050;\" ><div class=\"crop\" style=\" width:1050; height:1050; overflow:hidden;\"><img decoding=\"async\" src=\"https:\/\/hotel-zvezda.si\/wp-content\/uploads\/2016\/02\/sobe_029.jpg\" class=\"ggImg\" alt=\"sobe_029\" title=\"sobe_029\" data-description=\"sobe_029\" data-caption=\"sobe_029\" data-title=\"sobe_029\" style=\" width:105px; height:105px;\" \/><\/div><FIGCAPTION class=\"\" data-alpha=\"5\" style=\"color:#ffffff; background-color:#6f0000; font-size:140; text-align:left; font-family:Default;\" ><div class=\"grid-gallery-figcaption-wrap\" style=\"\"><\/div><\/FIGCAPTION><\/FIGURE><FIGURE class=\"grid-gallery-caption\" data-grid-gallery-type=\"quarter-slide-up\" data-index=\"3\" style=\"display:none;border-radius:00;; margin:5.3px; width:1050;\" ><div class=\"crop\" style=\" width:1050; height:1050; overflow:hidden;\"><img decoding=\"async\" src=\"https:\/\/hotel-zvezda.si\/wp-content\/uploads\/2016\/02\/sobe_026.jpg\" class=\"ggImg\" alt=\"sobe_026\" title=\"sobe_026\" data-description=\"sobe_026\" data-caption=\"sobe_026\" data-title=\"sobe_026\" style=\" width:105px; height:105px;\" \/><\/div><FIGCAPTION class=\"\" data-alpha=\"5\" style=\"color:#ffffff; background-color:#6f0000; font-size:140; text-align:left; font-family:Default;\" ><div class=\"grid-gallery-figcaption-wrap\" style=\"\"><\/div><\/FIGCAPTION><\/FIGURE><FIGURE class=\"grid-gallery-caption\" data-grid-gallery-type=\"quarter-slide-up\" data-index=\"4\" style=\"display:none;border-radius:00;; margin:5.3px; width:1050;\" ><div class=\"crop\" style=\" width:1050; height:1050; overflow:hidden;\"><img decoding=\"async\" src=\"https:\/\/hotel-zvezda.si\/wp-content\/uploads\/2016\/02\/sobe_022.jpg\" class=\"ggImg\" alt=\"sobe_022\" title=\"sobe_022\" data-description=\"sobe_022\" data-caption=\"sobe_022\" data-title=\"sobe_022\" style=\" width:105px; height:105px;\" \/><\/div><FIGCAPTION class=\"\" data-alpha=\"5\" style=\"color:#ffffff; background-color:#6f0000; font-size:140; text-align:left; font-family:Default;\" ><div class=\"grid-gallery-figcaption-wrap\" style=\"\"><\/div><\/FIGCAPTION><\/FIGURE><FIGURE class=\"grid-gallery-caption\" data-grid-gallery-type=\"quarter-slide-up\" data-index=\"5\" style=\"display:none;border-radius:00;; margin:5.3px; width:1050;\" ><div class=\"crop\" style=\" width:1050; height:1050; overflow:hidden;\"><img decoding=\"async\" src=\"https:\/\/hotel-zvezda.si\/wp-content\/uploads\/2016\/02\/sobe_024.jpg\" class=\"ggImg\" alt=\"sobe_024\" title=\"sobe_024\" data-description=\"sobe_024\" data-caption=\"sobe_024\" data-title=\"sobe_024\" style=\" width:105px; height:105px;\" \/><\/div><FIGCAPTION class=\"\" data-alpha=\"5\" style=\"color:#ffffff; background-color:#6f0000; font-size:140; text-align:left; font-family:Default;\" ><div class=\"grid-gallery-figcaption-wrap\" style=\"\"><\/div><\/FIGCAPTION><\/FIGURE><FIGURE class=\"grid-gallery-caption\" data-grid-gallery-type=\"quarter-slide-up\" data-index=\"6\" style=\"display:none;border-radius:00;; margin:5.3px; width:1050;\" ><div class=\"crop\" style=\" width:1050; height:1050; overflow:hidden;\"><img decoding=\"async\" src=\"https:\/\/hotel-zvezda.si\/wp-content\/uploads\/2016\/02\/sobe_025.jpg\" class=\"ggImg\" alt=\"sobe_025\" title=\"sobe_025\" data-description=\"sobe_025\" data-caption=\"sobe_025\" data-title=\"sobe_025\" style=\" width:105px; height:105px;\" \/><\/div><FIGCAPTION class=\"\" data-alpha=\"5\" style=\"color:#ffffff; background-color:#6f0000; font-size:140; text-align:left; font-family:Default;\" ><div class=\"grid-gallery-figcaption-wrap\" style=\"\"><\/div><\/FIGCAPTION><\/FIGURE><FIGURE class=\"grid-gallery-caption\" data-grid-gallery-type=\"quarter-slide-up\" data-index=\"7\" style=\"display:none;border-radius:00;; margin:5.3px; width:1050;\" ><div class=\"crop\" style=\" width:1050; height:1050; overflow:hidden;\"><img decoding=\"async\" src=\"https:\/\/hotel-zvezda.si\/wp-content\/uploads\/2016\/02\/sobe_011.jpg\" class=\"ggImg\" alt=\"sobe_011\" title=\"sobe_011\" data-description=\"sobe_011\" data-caption=\"sobe_011\" data-title=\"sobe_011\" style=\" width:105px; height:105px;\" \/><\/div><FIGCAPTION class=\"\" data-alpha=\"5\" style=\"color:#ffffff; background-color:#6f0000; font-size:140; text-align:left; font-family:Default;\" ><div class=\"grid-gallery-figcaption-wrap\" style=\"\"><\/div><\/FIGCAPTION><\/FIGURE><FIGURE class=\"grid-gallery-caption\" data-grid-gallery-type=\"quarter-slide-up\" data-index=\"8\" style=\"display:none;border-radius:00;; margin:5.3px; width:1050;\" ><div class=\"crop\" style=\" width:1050; height:1050; overflow:hidden;\"><img decoding=\"async\" src=\"https:\/\/hotel-zvezda.si\/wp-content\/uploads\/2016\/02\/sobe_014.jpg\" class=\"ggImg\" alt=\"sobe_014\" title=\"sobe_014\" data-description=\"sobe_014\" data-caption=\"sobe_014\" data-title=\"sobe_014\" style=\" width:105px; height:105px;\" \/><\/div><FIGCAPTION class=\"\" data-alpha=\"5\" style=\"color:#ffffff; background-color:#6f0000; font-size:140; text-align:left; font-family:Default;\" ><div class=\"grid-gallery-figcaption-wrap\" style=\"\"><\/div><\/FIGCAPTION><\/FIGURE><FIGURE class=\"grid-gallery-caption\" data-grid-gallery-type=\"quarter-slide-up\" data-index=\"9\" style=\"display:none;border-radius:00;; margin:5.3px; width:1050;\" ><div class=\"crop\" style=\" width:1050; height:1050; overflow:hidden;\"><img decoding=\"async\" src=\"https:\/\/hotel-zvezda.si\/wp-content\/uploads\/2016\/02\/sobe_028.jpg\" class=\"ggImg\" alt=\"sobe_028\" title=\"sobe_028\" data-description=\"sobe_028\" data-caption=\"sobe_028\" data-title=\"sobe_028\" style=\" width:105px; height:105px;\" \/><\/div><FIGCAPTION class=\"\" data-alpha=\"5\" style=\"color:#ffffff; background-color:#6f0000; font-size:140; text-align:left; font-family:Default;\" ><div class=\"grid-gallery-figcaption-wrap\" style=\"\"><\/div><\/FIGCAPTION><\/FIGURE> <div class=\"grid-gallery-clearfix\"><\/div> <\/div> <div class=\"gallery-sharing-bottom\" style=\"display:none;\"> <\/div> <div class=\"gallery-sharing-image\" style=\"display:none;\"> <\/div> <div class=\"gallery-sharing-popup\" style=\"display:none;\"> <\/div> <div class=\"grid-gallery-clearfix\"><\/div> <\/div> <!-- Gallery by Supsystic plugin1.16.0 --><a title=\"Wordpress Gallery Plugin Free\" style=\"display:none;\" href=\"https:\/\/supsystic.com\/plugins\/photo-gallery\/?utm_medium=love_link\" target=\"_blank\">Wordpress Gallery Plugin Free<\/a><br \/>\n<img loading=\"lazy\" decoding=\"async\" src=\"https:\/\/www.hotel-zvezda.si\/wp-content\/uploads\/2016\/02\/hotel_home3.jpg\" alt=\"\" width=\"1100\" height=\"268\" \/><\/p>","protected":false},"excerpt":{"rendered":"<p>Das legend\u00e4re Hotel Dobray in Murska Sobota aus dem Jahr 1910, das sp\u00e4ter in Hotel Zvezda*** umbenannt wurde, war in verschiedenen historischen Epochen das Zentrum des gesellschaftlichen und politischen Lebens. Nach einer gr\u00fcndlichen Renovierung wurde er als Hoteldenpendance Dobray er\u00f6ffnet.<\/p>\n","protected":false},"author":1,"featured_media":0,"parent":0,"menu_order":0,"comment_status":"closed","ping_status":"closed","template":"","meta":{"footnotes":""},"class_list":["post-87","page","type-page","status-publish","hentry"],"_links":{"self":[{"href":"https:\/\/hotel-zvezda.si\/de\/wp-json\/wp\/v2\/pages\/87","targetHints":{"allow":["GET"]}}],"collection":[{"href":"https:\/\/hotel-zvezda.si\/de\/wp-json\/wp\/v2\/pages"}],"about":[{"href":"https:\/\/hotel-zvezda.si\/de\/wp-json\/wp\/v2\/types\/page"}],"author":[{"embeddable":true,"href":"https:\/\/hotel-zvezda.si\/de\/wp-json\/wp\/v2\/users\/1"}],"replies":[{"embeddable":true,"href":"https:\/\/hotel-zvezda.si\/de\/wp-json\/wp\/v2\/comments?post=87"}],"version-history":[{"count":106,"href":"https:\/\/hotel-zvezda.si\/de\/wp-json\/wp\/v2\/pages\/87\/revisions"}],"predecessor-version":[{"id":2193,"href":"https:\/\/hotel-zvezda.si\/de\/wp-json\/wp\/v2\/pages\/87\/revisions\/2193"}],"wp:attachment":[{"href":"https:\/\/hotel-zvezda.si\/de\/wp-json\/wp\/v2\/media?parent=87"}],"curies":[{"name":"wp","href":"https:\/\/api.w.org\/{rel}","templated":true}]}}