{"id":81,"date":"2015-11-09T18:01:58","date_gmt":"2015-11-09T18:01:58","guid":{"rendered":"http:\/\/localhost\/hotel_zvezda\/?page_id=81"},"modified":"2018-03-07T13:18:10","modified_gmt":"2018-03-07T13:18:10","slug":"pivnica","status":"publish","type":"page","link":"https:\/\/hotel-zvezda.si\/de\/pivnica\/","title":{"rendered":"Bierstube"},"content":{"rendered":"<div id=\"tinder_content_81\" class=\"tinder_content_preview\">\n<p><strong>Pivo, pivska ponev, bogra\u010d, \u2026<\/strong><\/p>\n<p>V pivnici nudimo bogato ponudbo tradicionalnih prekmurskih jedi, dnevno ponudbo malic, kosil, ostalih jedi po naro\u010dilu in 4 vrste varjenih piv.<br \/> <div id=\"grid-gallery-2-27287\" data-gg-id=\"2\" data-title=\"Pivnica galerija 1\" data-grid-type=\"0\" data-offset=\"5.3\" data-area-position=\"center\" data-icons=\"\" data-preloader=\"\" data-width=\"265\" data-height=\"215\" data-padding=\"0\" data-quicksand=\"disabled\" data-quicksand-duration=\"none\" data-popup-theme=\"theme_3\" data-popup-type=\"colorbox\" data-popup-fadeOut=\"300\" data-popup-captions=\"hide\" data-popup-image-text=\"title\" data-popup-widthsize=\"auto\" data-popup-heightsize=\"auto\" data-popup-i18n-words=\"{&quot;close&quot;:&quot;schlie\\u00dfen&quot;,&quot;next&quot;:&quot;n\\u00e4chste&quot;,&quot;previous&quot;:&quot;vorherige&quot;,&quot;start_slideshow&quot;:&quot;Starte Slideshow&quot;,&quot;stop_slideshow&quot;:&quot;Stoppe Slideshow&quot;,&quot;image&quot;:&quot;Bild&quot;,&quot;of&quot;:&quot;von&quot;,&quot;prev&quot;:&quot;vorherige&quot;,&quot;cExpand&quot;:&quot;Erweitere&quot;,&quot;cPrevious&quot;:&quot;Vorheriges&quot;,&quot;cNext&quot;:&quot;N\\u00e4chstes&quot;,&quot;cExpandStr&quot;:&quot;Erweitere Bild&quot;,&quot;cRotate&quot;:&quot;Rotate&quot;,&quot;cDetails&quot;:&quot;Details&quot;}\" data-popup-slideshow=\"false\" data-popup-slideshow-speed=\"2500\" data-popup-hoverstop=\"true\" data-popup-slideshow-auto=\"true\" data-popup-background=\"\" data-popup-transparency=\"30\" data-popup-disable-history=\"\" data-popup-disable-changed-url=\"\" data-popup-border-type=\"\" data-popup-border-color=\"\" data-popup-border-width=\"\" data-popup-border-enable=\"\" data-fullscreen=\"false\" data-hide-tooltip=\"false\" data-caption-font-family=\"Default\" data-caption-text-size=\"140\" data-is-mobile=\"0\" data-caption-mobile=\"false\" data-hide-long-tltp-title=\"0\" data-caption-disabled-on-mobile=\"false\" data-popup-placement-type=\"0\" data-social-sharing=\"{&quot;enabled&quot;:null,&quot;gallerySharing&quot;:{&quot;enabled&quot;:null,&quot;position&quot;:null},&quot;imageSharing&quot;:{&quot;enabled&quot;:null,&quot;wrapperClass&quot;:&quot; vertical &quot;},&quot;popupSharing&quot;:{&quot;enabled&quot;:null,&quot;wrapperClass&quot;:&quot; vertical &quot;}}\" class=\"grid-gallery grid-gallery-fixed \" style=\" width:100%; height:auto; margin-left:auto; margin-right:auto;position:relative;\"> <div class=\"gallery-loading\"> <div class=\"blocks\"> <div class=\"block\"><\/div> <div class=\"block\"><\/div> <div class=\"block\"><\/div> <div class=\"block\"><\/div> <\/div> <\/div> <div class=\"gallery-sharing-top\" style=\"display:none;\"> <\/div> <div id=\"photos-2\" class=\"grid-gallery-photos\"><FIGURE class=\"grid-gallery-caption\" data-grid-gallery-type=\"quarter-slide-up\" data-index=\"0\" style=\"display:none;border-radius:00;; margin:5.3px; width:2650;\" ><div class=\"crop\" style=\" width:2650; height:2150; overflow:hidden;\"><img decoding=\"async\" src=\"https:\/\/hotel-zvezda.si\/wp-content\/uploads\/2016\/01\/Slike-048-265x215.jpg\" class=\"ggImg\" alt=\"Slike 048\" title=\"Slike 048\" data-description=\"Slike 048\" data-caption=\"Slike 048\" data-title=\"Slike 048\" style=\" width:265px; height:215px;\" \/><\/div><FIGCAPTION class=\"\" data-alpha=\"5\" style=\"color:#ffffff; background-color:#6f0000; font-size:140; text-align:left; font-family:Default;\" ><div class=\"grid-gallery-figcaption-wrap\" style=\"\"><\/div><\/FIGCAPTION><\/FIGURE><FIGURE class=\"grid-gallery-caption\" data-grid-gallery-type=\"quarter-slide-up\" data-index=\"1\" style=\"display:none;border-radius:00;; margin:5.3px; width:2650;\" ><div class=\"crop\" style=\" width:2650; height:2150; overflow:hidden;\"><img decoding=\"async\" src=\"https:\/\/hotel-zvezda.si\/wp-content\/uploads\/2016\/01\/Slike-047-265x215.jpg\" class=\"ggImg\" alt=\"Slike 047\" title=\"Slike 047\" data-description=\"Slike 047\" data-caption=\"Slike 047\" data-title=\"Slike 047\" style=\" width:265px; height:215px;\" \/><\/div><FIGCAPTION class=\"\" data-alpha=\"5\" style=\"color:#ffffff; background-color:#6f0000; font-size:140; text-align:left; font-family:Default;\" ><div class=\"grid-gallery-figcaption-wrap\" style=\"\"><\/div><\/FIGCAPTION><\/FIGURE><FIGURE class=\"grid-gallery-caption\" data-grid-gallery-type=\"quarter-slide-up\" data-index=\"2\" style=\"display:none;border-radius:00;; margin:5.3px; width:2650;\" ><div class=\"crop\" style=\" width:2650; height:2150; overflow:hidden;\"><img decoding=\"async\" src=\"https:\/\/hotel-zvezda.si\/wp-content\/uploads\/2016\/02\/slider_pivo-265x215.jpg\" class=\"ggImg\" alt=\"slider_pivo\" title=\"slider_pivo\" data-description=\"slider_pivo\" data-caption=\"slider_pivo\" data-title=\"slider_pivo\" style=\" width:265px; height:215px;\" \/><\/div><FIGCAPTION class=\"\" data-alpha=\"5\" style=\"color:#ffffff; background-color:#6f0000; font-size:140; text-align:left; font-family:Default;\" ><div class=\"grid-gallery-figcaption-wrap\" style=\"\"><\/div><\/FIGCAPTION><\/FIGURE><FIGURE class=\"grid-gallery-caption\" data-grid-gallery-type=\"quarter-slide-up\" data-index=\"3\" style=\"display:none;border-radius:00;; margin:5.3px; width:2650;\" ><div class=\"crop\" style=\" width:2650; height:2150; overflow:hidden;\"><img decoding=\"async\" src=\"https:\/\/hotel-zvezda.si\/wp-content\/uploads\/2016\/02\/Slike_032-265x215.jpg\" class=\"ggImg\" alt=\"Slike_032\" title=\"Slike_032\" data-description=\"Slike_032\" data-caption=\"Slike_032\" data-title=\"Slike_032\" style=\" width:265px; height:215px;\" \/><\/div><FIGCAPTION class=\"\" data-alpha=\"5\" style=\"color:#ffffff; background-color:#6f0000; font-size:140; text-align:left; font-family:Default;\" ><div class=\"grid-gallery-figcaption-wrap\" style=\"\"><\/div><\/FIGCAPTION><\/FIGURE> <div class=\"grid-gallery-clearfix\"><\/div> <\/div> <div class=\"gallery-sharing-bottom\" style=\"display:none;\"> <\/div> <div class=\"gallery-sharing-image\" style=\"display:none;\"> <\/div> <div class=\"gallery-sharing-popup\" style=\"display:none;\"> <\/div> <div class=\"grid-gallery-clearfix\"><\/div> <\/div> <!-- Gallery by Supsystic plugin1.16.0 --><a title=\"Wordpress Gallery Plugin Free\" style=\"display:none;\" href=\"https:\/\/supsystic.com\/plugins\/photo-gallery\/?utm_medium=love_link\" target=\"_blank\">Wordpress Gallery Plugin Free<\/a><br \/> <strong>Zvezdin letni vrt<\/strong><\/p>\n<p>Z na\u0161o gostinsko ponudbo vam z veseljem postre\u017eemo tudi na letnem vrtu, pod mogo\u010dnimi kro\u0161njami starih kostanjev. \u017divahno razpolo\u017eenje ob dobri hrani, glasbi in pija\u010di lahko traja dolgo v no\u010d.<br \/> <div id=\"grid-gallery-1-30244\" data-gg-id=\"1\" data-title=\"Pivnica galerija 2\" data-grid-type=\"0\" data-offset=\"5.3\" data-area-position=\"center\" data-icons=\"\" data-preloader=\"\" data-width=\"215\" data-height=\"215\" data-padding=\"0\" data-quicksand=\"disabled\" data-quicksand-duration=\"none\" data-popup-theme=\"theme_3\" data-popup-type=\"colorbox\" data-popup-fadeOut=\"300\" data-popup-image-text=\"title\" data-popup-widthsize=\"auto\" data-popup-heightsize=\"auto\" data-popup-i18n-words=\"{&quot;close&quot;:&quot;schlie\\u00dfen&quot;,&quot;next&quot;:&quot;n\\u00e4chste&quot;,&quot;previous&quot;:&quot;vorherige&quot;,&quot;start_slideshow&quot;:&quot;Starte Slideshow&quot;,&quot;stop_slideshow&quot;:&quot;Stoppe Slideshow&quot;,&quot;image&quot;:&quot;Bild&quot;,&quot;of&quot;:&quot;von&quot;,&quot;prev&quot;:&quot;vorherige&quot;,&quot;cExpand&quot;:&quot;Erweitere&quot;,&quot;cPrevious&quot;:&quot;Vorheriges&quot;,&quot;cNext&quot;:&quot;N\\u00e4chstes&quot;,&quot;cExpandStr&quot;:&quot;Erweitere Bild&quot;,&quot;cRotate&quot;:&quot;Rotate&quot;,&quot;cDetails&quot;:&quot;Details&quot;}\" data-popup-slideshow=\"false\" data-popup-slideshow-speed=\"2500\" data-popup-hoverstop=\"true\" data-popup-slideshow-auto=\"true\" data-popup-background=\"\" data-popup-transparency=\"30\" data-popup-disable-history=\"\" data-popup-disable-changed-url=\"\" data-popup-border-type=\"\" data-popup-border-color=\"\" data-popup-border-width=\"\" data-popup-border-enable=\"\" data-fullscreen=\"false\" data-hide-tooltip=\"false\" data-caption-font-family=\"Default\" data-caption-text-size=\"140\" data-is-mobile=\"0\" data-caption-mobile=\"false\" data-hide-long-tltp-title=\"0\" data-caption-disabled-on-mobile=\"false\" data-popup-placement-type=\"0\" data-social-sharing=\"{&quot;enabled&quot;:null,&quot;gallerySharing&quot;:{&quot;enabled&quot;:null,&quot;position&quot;:null},&quot;imageSharing&quot;:{&quot;enabled&quot;:null,&quot;wrapperClass&quot;:&quot; vertical &quot;},&quot;popupSharing&quot;:{&quot;enabled&quot;:null,&quot;wrapperClass&quot;:&quot; vertical &quot;}}\" class=\"grid-gallery grid-gallery-fixed \" style=\" width:100%; height:auto; margin-left:auto; margin-right:auto;position:relative;\"> <div class=\"gallery-loading\"> <div class=\"blocks\"> <div class=\"block\"><\/div> <div class=\"block\"><\/div> <div class=\"block\"><\/div> <div class=\"block\"><\/div> <\/div> <\/div> <div class=\"gallery-sharing-top\" style=\"display:none;\"> <\/div> <div id=\"photos-1\" class=\"grid-gallery-photos\"><FIGURE class=\"grid-gallery-caption\" data-grid-gallery-type=\"quarter-slide-up\" data-index=\"0\" style=\"display:none;border-radius:00;; margin:5.3px; width:2150;\" ><div class=\"crop\" style=\" width:2150; height:2150; overflow:hidden;\"><img decoding=\"async\" src=\"https:\/\/hotel-zvezda.si\/wp-content\/uploads\/2015\/11\/243177_124598714286666_100002096150417_188474_4110422_o-215x215.jpg\" class=\"ggImg\" alt=\"243177_124598714286666_100002096150417_188474_4110422_o\" title=\"243177_124598714286666_100002096150417_188474_4110422_o\" data-description=\"243177_124598714286666_100002096150417_188474_4110422_o\" data-caption=\"243177_124598714286666_100002096150417_188474_4110422_o\" data-title=\"243177_124598714286666_100002096150417_188474_4110422_o\" style=\" width:215px; height:215px;\" \/><\/div><FIGCAPTION class=\"\" data-alpha=\"5\" style=\"color:#ffffff; background-color:#6f0000; font-size:140; text-align:left; font-family:Default;\" ><div class=\"grid-gallery-figcaption-wrap\" style=\"\"><\/div><\/FIGCAPTION><\/FIGURE><FIGURE class=\"grid-gallery-caption\" data-grid-gallery-type=\"quarter-slide-up\" data-index=\"1\" style=\"display:none;border-radius:00;; margin:5.3px; width:2150;\" ><div class=\"crop\" style=\" width:2150; height:2150; overflow:hidden;\"><img decoding=\"async\" src=\"https:\/\/hotel-zvezda.si\/wp-content\/uploads\/2015\/11\/243177_124598717619999_100002096150417_188475_2275332_o-215x215.jpg\" class=\"ggImg\" alt=\"243177_124598717619999_100002096150417_188475_2275332_o\" title=\"243177_124598717619999_100002096150417_188475_2275332_o\" data-description=\"243177_124598717619999_100002096150417_188475_2275332_o\" data-caption=\"243177_124598717619999_100002096150417_188475_2275332_o\" data-title=\"243177_124598717619999_100002096150417_188475_2275332_o\" style=\" width:215px; height:215px;\" \/><\/div><FIGCAPTION class=\"\" data-alpha=\"5\" style=\"color:#ffffff; background-color:#6f0000; font-size:140; text-align:left; font-family:Default;\" ><div class=\"grid-gallery-figcaption-wrap\" style=\"\"><\/div><\/FIGCAPTION><\/FIGURE><FIGURE class=\"grid-gallery-caption\" data-grid-gallery-type=\"quarter-slide-up\" data-index=\"2\" style=\"display:none;border-radius:00;; margin:5.3px; width:2150;\" ><div class=\"crop\" style=\" width:2150; height:2150; overflow:hidden;\"><img decoding=\"async\" src=\"https:\/\/hotel-zvezda.si\/wp-content\/uploads\/2015\/11\/243177_124598720953332_100002096150417_188476_6384025_o-215x215.jpg\" class=\"ggImg\" alt=\"243177_124598720953332_100002096150417_188476_6384025_o\" title=\"243177_124598720953332_100002096150417_188476_6384025_o\" data-description=\"243177_124598720953332_100002096150417_188476_6384025_o\" data-caption=\"243177_124598720953332_100002096150417_188476_6384025_o\" data-title=\"243177_124598720953332_100002096150417_188476_6384025_o\" style=\" width:215px; height:215px;\" \/><\/div><FIGCAPTION class=\"\" data-alpha=\"5\" style=\"color:#ffffff; background-color:#6f0000; font-size:140; text-align:left; font-family:Default;\" ><div class=\"grid-gallery-figcaption-wrap\" style=\"\"><\/div><\/FIGCAPTION><\/FIGURE><FIGURE class=\"grid-gallery-caption\" data-grid-gallery-type=\"quarter-slide-up\" data-index=\"3\" style=\"display:none;border-radius:00;; margin:5.3px; width:2150;\" ><div class=\"crop\" style=\" width:2150; height:2150; overflow:hidden;\"><img decoding=\"async\" src=\"https:\/\/hotel-zvezda.si\/wp-content\/uploads\/2016\/05\/vrt2L-215x215.jpg\" class=\"ggImg\" alt=\"vrt2L\" title=\"vrt2L\" data-description=\"vrt2L\" data-caption=\"vrt2L\" data-title=\"vrt2L\" style=\" width:215px; height:215px;\" \/><\/div><FIGCAPTION class=\"\" data-alpha=\"5\" style=\"color:#ffffff; background-color:#6f0000; font-size:140; text-align:left; font-family:Default;\" ><div class=\"grid-gallery-figcaption-wrap\" style=\"\"><\/div><\/FIGCAPTION><\/FIGURE><FIGURE class=\"grid-gallery-caption\" data-grid-gallery-type=\"quarter-slide-up\" data-index=\"4\" style=\"display:none;border-radius:00;; margin:5.3px; width:2150;\" ><div class=\"crop\" style=\" width:2150; height:2150; overflow:hidden;\"><img decoding=\"async\" src=\"https:\/\/hotel-zvezda.si\/wp-content\/uploads\/2016\/05\/vrt5L-215x215.jpg\" class=\"ggImg\" alt=\"vrt5L\" title=\"vrt5L\" data-description=\"vrt5L\" data-caption=\"vrt5L\" data-title=\"vrt5L\" style=\" width:215px; height:215px;\" \/><\/div><FIGCAPTION class=\"\" data-alpha=\"5\" style=\"color:#ffffff; background-color:#6f0000; font-size:140; text-align:left; font-family:Default;\" ><div class=\"grid-gallery-figcaption-wrap\" style=\"\"><\/div><\/FIGCAPTION><\/FIGURE> <div class=\"grid-gallery-clearfix\"><\/div> <\/div> <div class=\"gallery-sharing-bottom\" style=\"display:none;\"> <\/div> <div class=\"gallery-sharing-image\" style=\"display:none;\"> <\/div> <div class=\"gallery-sharing-popup\" style=\"display:none;\"> <\/div> <div class=\"grid-gallery-clearfix\"><\/div> <\/div> <!-- Gallery by Supsystic plugin1.16.0 --><a title=\"Wordpress Gallery Plugin Free\" style=\"display:none;\" href=\"https:\/\/supsystic.com\/plugins\/photo-gallery\/?utm_medium=love_link\" target=\"_blank\">Wordpress Gallery Plugin Free<\/a><\/p>\n<\/div>\n","protected":false},"excerpt":{"rendered":"<p>Pivo, pivska ponev, bogra\u010d, \u2026 V pivnici nudimo bogato ponudbo tradicionalnih prekmurskih jedi, dnevno ponudbo malic, kosil, ostalih jedi po naro\u010dilu in 4 vrste varjenih piv. Zvezdin letni vrt Z na\u0161o gostinsko ponudbo vam z veseljem postre\u017eemo tudi na letnem<\/p>\n","protected":false},"author":1,"featured_media":0,"parent":0,"menu_order":0,"comment_status":"closed","ping_status":"closed","template":"","meta":{"footnotes":""},"class_list":["post-81","page","type-page","status-publish","hentry"],"_links":{"self":[{"href":"https:\/\/hotel-zvezda.si\/de\/wp-json\/wp\/v2\/pages\/81","targetHints":{"allow":["GET"]}}],"collection":[{"href":"https:\/\/hotel-zvezda.si\/de\/wp-json\/wp\/v2\/pages"}],"about":[{"href":"https:\/\/hotel-zvezda.si\/de\/wp-json\/wp\/v2\/types\/page"}],"author":[{"embeddable":true,"href":"https:\/\/hotel-zvezda.si\/de\/wp-json\/wp\/v2\/users\/1"}],"replies":[{"embeddable":true,"href":"https:\/\/hotel-zvezda.si\/de\/wp-json\/wp\/v2\/comments?post=81"}],"version-history":[{"count":37,"href":"https:\/\/hotel-zvezda.si\/de\/wp-json\/wp\/v2\/pages\/81\/revisions"}],"predecessor-version":[{"id":2531,"href":"https:\/\/hotel-zvezda.si\/de\/wp-json\/wp\/v2\/pages\/81\/revisions\/2531"}],"wp:attachment":[{"href":"https:\/\/hotel-zvezda.si\/de\/wp-json\/wp\/v2\/media?parent=81"}],"curies":[{"name":"wp","href":"https:\/\/api.w.org\/{rel}","templated":true}]}}