{"id":50,"date":"2015-11-09T17:39:05","date_gmt":"2015-11-09T17:39:05","guid":{"rendered":"http:\/\/localhost\/hotel_zvezda\/?page_id=50"},"modified":"2026-05-04T10:32:52","modified_gmt":"2026-05-04T08:32:52","slug":"ponudba-malic","status":"publish","type":"page","link":"https:\/\/hotel-zvezda.si\/de\/restavracija\/ponudba-malic\/","title":{"rendered":"Ponudba malic"},"content":{"rendered":"<p><\/p>\n<div id=\"tinder_content_50\" class=\"tinder_content_preview\">\n<div id=\"tinder_content_50\" class=\"tinder_content_preview\">\n<div id=\"tinder_content_50\" class=\"tinder_content_preview\">\n<div id=\"tinder_content_50\" class=\"tinder_content_preview\">\n<div id=\"tinder_content_50\" class=\"tinder_content_preview\">\n<div id=\"tinder_content_50\" class=\"tinder_content_preview\">\n<div id=\"tinder_content_50\" class=\"tinder_content_preview\">\n<div id=\"tinder_content_50\" class=\"tinder_content_preview\">\n<div id=\"tinder_content_50\" class=\"tinder_content_preview\">\n<div id=\"tinder_content_50\" class=\"tinder_content_preview\">\n<div id=\"tinder_content_50\" class=\"tinder_content_preview\">\n<div id=\"tinder_content_50\" class=\"tinder_content_preview\">\n<div id=\"tinder_content_50\" class=\"tinder_content_preview\">\n<div id=\"tinder_content_50\" class=\"tinder_content_preview\">\n<div id=\"tinder_content_50\" class=\"tinder_content_preview\">\n<div id=\"tinder_content_50\" class=\"tinder_content_preview\">\n<div id=\"tinder_content_50\" class=\"tinder_content_preview\">\n<div id=\"tinder_content_50\" class=\"tinder_content_preview\">\n<div id=\"tinder_content_50\" class=\"tinder_content_preview\">\n<div id=\"tinder_content_50\" class=\"tinder_content_preview\">\n<div id=\"tinder_content_50\" class=\"tinder_content_preview\">\n<div id=\"tinder_content_50\" class=\"tinder_content_preview\">\n<div id=\"tinder_content_50\" class=\"tinder_content_preview\">\n<div id=\"tinder_content_50\" class=\"tinder_content_preview\">\n<div id=\"tinder_content_50\" class=\"tinder_content_preview\">\n<div id=\"tinder_content_50\" class=\"tinder_content_preview\">\n<div id=\"tinder_content_50\" class=\"tinder_content_preview\">\n<div id=\"tinder_content_50\" class=\"tinder_content_preview\">\n<div id=\"tinder_content_50\" class=\"tinder_content_preview\">\n<div id=\"tinder_content_50\" class=\"tinder_content_preview\">\n<div id=\"tinder_content_50\" class=\"tinder_content_preview\">\n<div id=\"tinder_content_50\" class=\"tinder_content_preview\">\n<div id=\"tinder_content_50\" class=\"tinder_content_preview\">\n<div id=\"tinder_content_50\" class=\"tinder_content_preview\">\n<div id=\"tinder_content_50\" class=\"tinder_content_preview\">\n<div id=\"tinder_content_50\" class=\"tinder_content_preview\">\n<div id=\"tinder_content_50\" class=\"tinder_content_preview\">\n<div id=\"tinder_content_50\" class=\"tinder_content_preview\">\n<div id=\"tinder_content_50\" class=\"tinder_content_preview\">\n<div id=\"tinder_content_50\" class=\"tinder_content_preview\">\n<div id=\"tinder_content_50\" class=\"tinder_content_preview\">\n<div id=\"tinder_content_50\" class=\"tinder_content_preview\">\n<div id=\"tinder_content_50\" class=\"tinder_content_preview\">\n<div id=\"tinder_content_50\" class=\"tinder_content_preview\">\n<div id=\"tinder_content_50\" class=\"tinder_content_preview\">\n<div id=\"tinder_content_50\" class=\"tinder_content_preview\">\n<div id=\"tinder_content_50\" class=\"tinder_content_preview\">\n<div id=\"tinder_content_50\" class=\"tinder_content_preview\">\n<div id=\"tinder_content_50\" class=\"tinder_content_preview\">\n<div id=\"tinder_content_50\" class=\"tinder_content_preview\">\n<div id=\"tinder_content_50\" class=\"tinder_content_preview\">\n<div id=\"tinder_content_50\" class=\"tinder_content_preview\">\n<div id=\"tinder_content_50\" class=\"tinder_content_preview\">\n<div id=\"tinder_content_50\" class=\"tinder_content_preview\">\n<div id=\"tinder_content_50\" class=\"tinder_content_preview\">\n<div id=\"tinder_content_50\" class=\"tinder_content_preview\">\n<div id=\"tinder_content_50\" class=\"tinder_content_preview\">\n<div id=\"tinder_content_50\" class=\"tinder_content_preview\">\n<div id=\"tinder_content_50\" class=\"tinder_content_preview\">\n<div id=\"tinder_content_50\" class=\"tinder_content_preview\">\n<div id=\"tinder_content_50\" class=\"tinder_content_preview\">\n<div id=\"tinder_content_50\" class=\"tinder_content_preview\">\n<div id=\"tinder_content_50\" class=\"tinder_content_preview\">\n<div id=\"tinder_content_50\" class=\"tinder_content_preview\">\n<div id=\"tinder_content_50\" class=\"tinder_content_preview\">\n<div id=\"tinder_content_50\" class=\"tinder_content_preview\">\n<div id=\"tinder_content_50\" class=\"tinder_content_preview\">\n<div id=\"tinder_content_50\" class=\"tinder_content_preview\">\n<div id=\"tinder_content_50\" class=\"tinder_content_preview\">\n<div id=\"tinder_content_50\" class=\"tinder_content_preview\">\n<div id=\"tinder_content_50\" class=\"tinder_content_preview\">\n<div id=\"tinder_content_50\" class=\"tinder_content_preview\">\n<div id=\"tinder_content_50\" class=\"tinder_content_preview\">\n<div id=\"tinder_content_50\" class=\"tinder_content_preview\">\n<div id=\"tinder_content_50\" class=\"tinder_content_preview\">\n<div id=\"tinder_content_50\" class=\"tinder_content_preview\">\n<div id=\"tinder_content_50\" class=\"tinder_content_preview\">\n<div id=\"tinder_content_50\" class=\"tinder_content_preview\">\n<div id=\"tinder_content_50\" class=\"tinder_content_preview\">\n<div id=\"tinder_content_50\" class=\"tinder_content_preview\">\n<div id=\"tinder_content_50\" class=\"tinder_content_preview\">\n<div id=\"tinder_content_50\" class=\"tinder_content_preview\">\n<div id=\"tinder_content_50\" class=\"tinder_content_preview\">\n<div id=\"tinder_content_50\" class=\"tinder_content_preview\">\n<div id=\"tinder_content_50\" class=\"tinder_content_preview\">\n<div id=\"tinder_content_50\" class=\"tinder_content_preview\">\n<div id=\"tinder_content_50\" class=\"tinder_content_preview\">\n<div id=\"tinder_content_50\" class=\"tinder_content_preview\">\n<div id=\"tinder_content_50\" class=\"tinder_content_preview\">\n<div id=\"tinder_content_50\" class=\"tinder_content_preview\">\n<div id=\"tinder_content_50\" class=\"tinder_content_preview\">\n<div id=\"tinder_content_50\" class=\"tinder_content_preview\">\n<div id=\"tinder_content_50\" class=\"tinder_content_preview\">\n<div id=\"tinder_content_50\" class=\"tinder_content_preview\">\n<div id=\"tinder_content_50\" class=\"tinder_content_preview\">\n<div id=\"tinder_content_50\" class=\"tinder_content_preview\">\n<div id=\"tinder_content_50\" class=\"tinder_content_preview\">\n<div id=\"tinder_content_50\" class=\"tinder_content_preview\">\n<div id=\"tinder_content_50\" class=\"tinder_content_preview\">\n<div id=\"tinder_content_50\" class=\"tinder_content_preview\">\n<div id=\"tinder_content_50\" class=\"tinder_content_preview\">\n<div id=\"tinder_content_50\" class=\"tinder_content_preview\">\n<div id=\"tinder_content_50\" class=\"tinder_content_preview\">\n<div id=\"tinder_content_50\" class=\"tinder_content_preview\">\n<div id=\"tinder_content_50\" class=\"tinder_content_preview\">\n<div id=\"tinder_content_50\" class=\"tinder_content_preview\">\n<div id=\"tinder_content_50\" class=\"tinder_content_preview\">\n<div id=\"tinder_content_50\" class=\"tinder_content_preview\">\n<div id=\"tinder_content_50\" class=\"tinder_content_preview\">\n<div id=\"tinder_content_50\" class=\"tinder_content_preview\">\n<div id=\"tinder_content_50\" class=\"tinder_content_preview\">\n<div id=\"tinder_content_50\" class=\"tinder_content_preview\">\n<div id=\"tinder_content_50\" class=\"tinder_content_preview\">\n<div id=\"tinder_content_50\" class=\"tinder_content_preview\">\n<div id=\"tinder_content_50\" class=\"tinder_content_preview\">\n<div id=\"tinder_content_50\" class=\"tinder_content_preview\">\n<div id=\"tinder_content_50\" class=\"tinder_content_preview\">\n<div id=\"tinder_content_50\" class=\"tinder_content_preview\">\n<div id=\"tinder_content_50\" class=\"tinder_content_preview\">\n<div id=\"tinder_content_50\" class=\"tinder_content_preview\">\n<div id=\"tinder_content_50\" class=\"tinder_content_preview\">\n<div id=\"tinder_content_50\" class=\"tinder_content_preview\">\n<div id=\"tinder_content_50\" class=\"tinder_content_preview\">\n<div id=\"tinder_content_50\" class=\"tinder_content_preview\">\n<div id=\"tinder_content_50\" class=\"tinder_content_preview\">\n<div id=\"tinder_content_50\" class=\"tinder_content_preview\">\n<div id=\"tinder_content_50\" class=\"tinder_content_preview\">\n<div id=\"tinder_content_50\" class=\"tinder_content_preview\">\n<div id=\"tinder_content_50\" class=\"tinder_content_preview\">\n<div id=\"tinder_content_50\" class=\"tinder_content_preview\">\n<div id=\"tinder_content_50\" class=\"tinder_content_preview\">\n<div id=\"tinder_content_50\" class=\"tinder_content_preview\">\n<div id=\"tinder_content_50\" class=\"tinder_content_preview\">\n<div id=\"tinder_content_50\" class=\"tinder_content_preview\">\n<div id=\"tinder_content_50\" class=\"tinder_content_preview\">\n<div id=\"tinder_content_50\" class=\"tinder_content_preview\">\n<div id=\"tinder_content_50\" class=\"tinder_content_preview\">\n<div id=\"tinder_content_50\" class=\"tinder_content_preview\">\n<div id=\"tinder_content_50\" class=\"tinder_content_preview\">\n<div id=\"tinder_content_50\" class=\"tinder_content_preview\">\n<div id=\"tinder_content_50\" class=\"tinder_content_preview\">\n<div id=\"tinder_content_50\" class=\"tinder_content_preview\">\n<div id=\"tinder_content_50\" class=\"tinder_content_preview\">\n<div id=\"tinder_content_50\" class=\"tinder_content_preview\">\n<div id=\"tinder_content_50\" class=\"tinder_content_preview\">\n<div id=\"tinder_content_50\" class=\"tinder_content_preview\">\n<div id=\"tinder_content_50\" class=\"tinder_content_preview\">\n<div id=\"tinder_content_50\" class=\"tinder_content_preview\">\n<div id=\"tinder_content_50\" class=\"tinder_content_preview\">\n<div id=\"tinder_content_50\" class=\"tinder_content_preview\">\n<div id=\"tinder_content_50\" class=\"tinder_content_preview\">\n<div id=\"tinder_content_50\" class=\"tinder_content_preview\">\n<div id=\"tinder_content_50\" class=\"tinder_content_preview\">\n<div id=\"tinder_content_50\" class=\"tinder_content_preview\">\n<div id=\"tinder_content_50\" class=\"tinder_content_preview\">\n<div id=\"tinder_content_50\" class=\"tinder_content_preview\">\n<div id=\"tinder_content_50\" class=\"tinder_content_preview\">\n<div id=\"tinder_content_50\" class=\"tinder_content_preview\">\n<div id=\"tinder_content_50\" class=\"tinder_content_preview\">\n<div id=\"tinder_content_50\" class=\"tinder_content_preview\">\n<div id=\"tinder_content_50\" class=\"tinder_content_preview\">\n<div id=\"tinder_content_50\" class=\"tinder_content_preview\">\n<p><span style=\"color: #333333;\" data-mce-style=\"color: #333333;\">Na tej strani vam bo na voljo kompletna tedenska ponudba dnevnih malic, ki jih pripravljamo v na\u0161i kuhinji. Malice vam postre\u017eemo dnevno med 09:00 in 12:30 uro v restavraciji ali pivnici Zvezda. Malica zajema samopostre\u017eno juho (dve vrsti), stre\u017eeno glavno jed in samopostre\u017eno solato.<\/span><\/p>\n<table class=\"mce-item-table\" data-mce-selected=\"1\">\n<tbody>\n<tr>\n<td style=\"border: #F8F8F8; vertical-align: top; background-image: url('https:\/\/www.hotel-zvezda.si\/wp-content\/uploads\/2015\/11\/kosila1b.jpg'); background-position: top center; background-repeat: no-repeat;\" width=\"220\" height=\"1000\" data-mce-style=\"border: #F8F8F8; vertical-align: top; background-image: url('https:\/\/www.hotel-zvezda.si\/wp-content\/uploads\/2015\/11\/kosila1b.jpg'); background-position: top center; background-repeat: no-repeat;\">\n<p><strong>P<\/strong><\/p>\n<\/td>\n<td style=\"border: #F8F8F8; vertical-align: top;\" data-mce-style=\"border: #F8F8F8; vertical-align: top;\">\n<div class=\"lunchmenu\">\n<table class=\"aligncenter mce-item-table\" style=\"width: 520px;\" data-mce-style=\"width: 520px;\" data-mce-selected=\"1\">\n<tbody>\n<tr>\n<td style=\"text-align: left; width: 520px; border: #F8F8F8;\" data-mce-style=\"text-align: left; width: 520px; border: #F8F8F8;\">\n<div class=\"_2cuy _3dgx _2vxa\">\n<p><strong>PONEDELJEK,&nbsp; 04.01.2021<\/strong><\/p>\n<p>\u2013&nbsp;&nbsp;&nbsp;&nbsp;&nbsp;&nbsp;&nbsp; GOVEJA ALI AJDOVA MLE\u010cNA JUHA<\/p>\n<ol>\n<li>Ocvrt pi\u0161\u010dan\u010dji zrezek, zelenjavni ri\u017e, solata<\/li>\n<li>Bujta repa, pe\u010denka<\/li>\n<li>Skutni rezanci, kompot<\/li>\n<li>Pizza po izbiri<\/li>\n<\/ol>\n<p><strong>TOREK, 05.01.2021<\/strong><\/p>\n<p>\u2013&nbsp;&nbsp;&nbsp;&nbsp;&nbsp;&nbsp;&nbsp; GOVEJA ALI PARADI\u017dNIKOVA JUHA<\/p>\n<ol>\n<li>Svinjski file v slaninski omaki, du\u0161ena ajdova ka\u0161a, solata<\/li>\n<li>Goveja obara, pecivo<\/li>\n<li>D\u00f6doli s smetano in \u010debulo, solata<\/li>\n<li>Pizza po izbiri<\/li>\n<\/ol>\n<p><strong>SREDA, 06.01.2021<\/strong><\/p>\n<p>\u2013&nbsp;&nbsp;&nbsp;&nbsp;&nbsp;&nbsp;&nbsp; GOVEJA ALI KORUZNA JUHA<\/p>\n<ol>\n<li>Pi\u0161\u010dan\u010dji zrezek s sotiranimi \u0161ampinjoni, testenine, solata<\/li>\n<li>Ri\u017eota s svinjskim mesom, solata<\/li>\n<li>Ocvrt sir, krompir, tatarska omaka, solata<\/li>\n<li>Pizza po izbiri<\/li>\n<\/ol>\n<p><strong>\u010cETRTEK, 07.01.2021 <\/strong><\/p>\n<p>\u2013&nbsp;&nbsp;&nbsp;&nbsp;&nbsp;&nbsp;&nbsp; GOVEJA ALI ZDROBOVA JUHA<\/p>\n<ol>\n<li>Svinjski zrezek po lovsko, priloga, solata<\/li>\n<li>Ri\u010det, hrenovka<\/li>\n<li>Njoki z belu\u0161i v smetani, solata<\/li>\n<li>Pizza po izbiri<\/li>\n<\/ol>\n<p><strong>PETEK, 08.01.2021<\/strong><\/p>\n<p>\u2013&nbsp;&nbsp;&nbsp;&nbsp;&nbsp;&nbsp;&nbsp; GOVEJA ALI GOBOVA JUHA<\/p>\n<ol>\n<li>Sesekljana pe\u010denka, pire, solata<\/li>\n<li>Ocvrt osli\u010d, krompirjeva solata<\/li>\n<li>Pra\u017eenec, kompot<\/li>\n<li>Pizza po izbiri<\/li>\n<\/ol>\n<p>ZVEZDA TURIZEM d.o.o.<\/p>\n<p>Trg Zmage 8, Murska Sobota, Tel: 02 539 1 572<\/p>\n<p><strong><u>PRIDR\u017dUJEMO SI PRAVICO DO SPREMEMBE JEDILNIKA!<\/u><\/strong><\/p>\n<p><strong><u>TEDENSKA PONUDBA:<\/u><\/strong><\/p>\n<p><strong><u>Ocvrt pi\u0161\u010dan\u010dji, zrezek, priloga<\/u><\/strong> <strong><u>\u2013 5,30\u20ac<\/u><\/strong><\/p>\n<p><strong>Cena malice z juho: 5,30 EUR<\/strong><\/p>\n<p><strong>Cena malice brez juhe: 5,00EUR<\/strong><\/p>\n<p><strong>NEPOVRATNA EMBALA\u017dA: 0,50 EUR<\/strong><\/p>\n<p><strong>Informacije na tel: 02\/ 539 15 72 MALICE<\/strong><\/p>\n<\/div>\n<\/td>\n<\/tr>\n<\/tbody>\n<\/table>\n<\/div>\n<\/td>\n<td style=\"border: #F8F8F8; vertical-align: top; background-image: url('https:\/\/www.hotel-zvezda.si\/wp-content\/uploads\/2015\/11\/kosila3b.jpg'); background-position: top center; background-repeat: no-repeat;\" width=\"220\" height=\"1000\" data-mce-style=\"border: #F8F8F8; vertical-align: top; background-image: url('https:\/\/www.hotel-zvezda.si\/wp-content\/uploads\/2015\/11\/kosila3b.jpg'); background-position: top center; background-repeat: no-repeat;\">&nbsp;<\/td>\n<\/tr>\n<\/tbody>\n<\/table>\n<p style=\"text-align: center; color: #333333;\" data-mce-style=\"text-align: center; color: #333333;\">&nbsp;<\/p>\n<\/div>\n<\/div>\n<\/div>\n<\/div>\n<\/div>\n<\/div>\n<\/div>\n<\/div>\n<\/div>\n<\/div>\n<\/div>\n<\/div>\n<\/div>\n<\/div>\n<\/div>\n<\/div>\n<\/div>\n<\/div>\n<\/div>\n<\/div>\n<\/div>\n<\/div>\n<\/div>\n<\/div>\n<\/div>\n<\/div>\n<\/div>\n<\/div>\n<\/div>\n<\/div>\n<\/div>\n<\/div>\n<\/div>\n<\/div>\n<\/div>\n<\/div>\n<\/div>\n<\/div>\n<\/div>\n<\/div>\n<\/div>\n<\/div>\n<\/div>\n<\/div>\n<\/div>\n<\/div>\n<\/div>\n<\/div>\n<\/div>\n<\/div>\n<\/div>\n<\/div>\n<\/div>\n<\/div>\n<\/div>\n<\/div>\n<\/div>\n<\/div>\n<\/div>\n<\/div>\n<\/div>\n<\/div>\n<\/div>\n<\/div>\n<\/div>\n<\/div>\n<\/div>\n<\/div>\n<\/div>\n<\/div>\n<\/div>\n<\/div>\n<\/div>\n<\/div>\n<\/div>\n<\/div>\n<\/div>\n<\/div>\n<\/div>\n<\/div>\n<\/div>\n<\/div>\n<\/div>\n<\/div>\n<\/div>\n<\/div>\n<\/div>\n<\/div>\n<\/div>\n<\/div>\n<\/div>\n<\/div>\n<\/div>\n<\/div>\n<\/div>\n<\/div>\n<\/div>\n<\/div>\n<\/div>\n<\/div>\n<\/div>\n<\/div>\n<\/div>\n<\/div>\n<\/div>\n<\/div>\n<\/div>\n<\/div>\n<\/div>\n<\/div>\n<\/div>\n<\/div>\n<\/div>\n<\/div>\n<\/div>\n<\/div>\n<\/div>\n<\/div>\n<\/div>\n<\/div>\n<\/div>\n<\/div>\n<\/div>\n<\/div>\n<\/div>\n<\/div>\n<\/div>\n<\/div>\n<\/div>\n<\/div>\n<\/div>\n<\/div>\n<\/div>\n<\/div>\n<\/div>\n<\/div>\n<\/div>\n<\/div>\n<\/div>\n<\/div>\n<\/div>\n<\/div>\n<\/div>\n<\/div>\n<\/div>\n<\/div>\n<\/div>\n<\/div>\n<\/div>\n<\/div>\n<\/div>\n<\/div>\n<\/div>\n<\/div>\n<\/div>\n<\/div>\n<\/div>\n<\/div>\n<\/div>\n<\/div>\n<\/div>\n<\/div>\n<div id=\"mceResizeHandlen\" data-mce-bogus=\"all\" class=\"mce-resizehandle\" unselectable=\"true\" style=\"cursor: n-resize; margin: 0px; padding: 0px; left: 493.5px; top: 79.5px;\"><\/div>\n<div id=\"mceResizeHandlee\" data-mce-bogus=\"all\" class=\"mce-resizehandle\" unselectable=\"true\" style=\"cursor: e-resize; margin: 0px; padding: 0px; left: 753.5px; top: 751.5px;\"><\/div>\n<div id=\"mceResizeHandles\" data-mce-bogus=\"all\" class=\"mce-resizehandle\" unselectable=\"true\" style=\"cursor: s-resize; margin: 0px; padding: 0px; left: 493.5px; top: 1423.5px;\"><\/div>\n<div id=\"mceResizeHandlew\" data-mce-bogus=\"all\" class=\"mce-resizehandle\" unselectable=\"true\" style=\"cursor: w-resize; margin: 0px; padding: 0px; left: 233.5px; top: 751.5px;\"><\/div>\n<div id=\"mceResizeHandlenw\" data-mce-bogus=\"all\" class=\"mce-resizehandle\" unselectable=\"true\" style=\"cursor: nw-resize; margin: 0px; padding: 0px; left: 233.5px; top: 79.5px;\"><\/div>\n<div id=\"mceResizeHandlene\" data-mce-bogus=\"all\" class=\"mce-resizehandle\" unselectable=\"true\" style=\"cursor: ne-resize; margin: 0px; padding: 0px; left: 753.5px; top: 79.5px;\"><\/div>\n<div id=\"mceResizeHandlese\" data-mce-bogus=\"all\" class=\"mce-resizehandle\" unselectable=\"true\" style=\"cursor: se-resize; margin: 0px; padding: 0px; left: 753.5px; top: 1423.5px;\"><\/div>\n<div id=\"mceResizeHandlesw\" data-mce-bogus=\"all\" class=\"mce-resizehandle\" unselectable=\"true\" style=\"cursor: sw-resize; margin: 0px; padding: 0px; left: 233.5px; top: 1423.5px;\"><\/div>\n<p><\/p>","protected":false},"excerpt":{"rendered":"<p>Na tej strani vam bo na voljo kompletna tedenska ponudba dnevnih malic, ki jih pripravljamo v na\u0161i kuhinji. Malice vam postre\u017eemo dnevno med 09:00 in 12:30 uro v restavraciji ali pivnici Zvezda. Malica zajema samopostre\u017eno juho (dve vrsti), stre\u017eeno glavno<\/p>\n","protected":false},"author":1,"featured_media":0,"parent":46,"menu_order":0,"comment_status":"closed","ping_status":"closed","template":"","meta":{"footnotes":""},"class_list":["post-50","page","type-page","status-publish","hentry"],"_links":{"self":[{"href":"https:\/\/hotel-zvezda.si\/de\/wp-json\/wp\/v2\/pages\/50","targetHints":{"allow":["GET"]}}],"collection":[{"href":"https:\/\/hotel-zvezda.si\/de\/wp-json\/wp\/v2\/pages"}],"about":[{"href":"https:\/\/hotel-zvezda.si\/de\/wp-json\/wp\/v2\/types\/page"}],"author":[{"embeddable":true,"href":"https:\/\/hotel-zvezda.si\/de\/wp-json\/wp\/v2\/users\/1"}],"replies":[{"embeddable":true,"href":"https:\/\/hotel-zvezda.si\/de\/wp-json\/wp\/v2\/comments?post=50"}],"version-history":[{"count":477,"href":"https:\/\/hotel-zvezda.si\/de\/wp-json\/wp\/v2\/pages\/50\/revisions"}],"predecessor-version":[{"id":2880,"href":"https:\/\/hotel-zvezda.si\/de\/wp-json\/wp\/v2\/pages\/50\/revisions\/2880"}],"up":[{"embeddable":true,"href":"https:\/\/hotel-zvezda.si\/de\/wp-json\/wp\/v2\/pages\/46"}],"wp:attachment":[{"href":"https:\/\/hotel-zvezda.si\/de\/wp-json\/wp\/v2\/media?parent=50"}],"curies":[{"name":"wp","href":"https:\/\/api.w.org\/{rel}","templated":true}]}}