{"id":1890,"date":"2016-03-17T19:15:14","date_gmt":"2016-03-17T19:15:14","guid":{"rendered":"http:\/\/localhost\/hotel_zvezda\/index.php\/cookie-policy\/"},"modified":"2016-05-18T15:35:45","modified_gmt":"2016-05-18T15:35:45","slug":"cookie-policy","status":"publish","type":"page","link":"https:\/\/hotel-zvezda.si\/de\/cookie-policy\/","title":{"rendered":"Cookie Information"},"content":{"rendered":"<p><\/p>\n<p style=\"text-align: justify;\">Ein Cookie ist ein Datenelement, das eine Website an den Browser schicken kann, um es auf dem System des Users zu speichern, z.B. f\u00fcr den Zweck der Verbindungssteuerung w\u00e4hrend des Besuches auf einer Website oder f\u00fcr statistische Auswertungen.<\/p>\n<p style=\"text-align: justify;\">Um den Zugriff auf unsere Website zu erleichtern sowie f\u00fcr statistische Auswertungen speichern wir mehrere Cookies dauerhaft auf Ihrem Rechner. Es werden allerdings keine personenbezogenen Daten in diesen Cookies gespeichert. Sie haben die M\u00f6glichkeit, Ihren Browser so einzustellen, dass entweder Cookies nicht empfangen werden, oder dass Ihnen der Empfang von Cookies gemeldet wird. Damit k\u00f6nnen Sie entscheiden, ob Sie Cookies akzeptieren oder ablehnen wollen. Sofern Sie die Speicherung von Cookies ablehnen, ist der Besuch auf unserer Website mit einer eingeschr\u00e4nkten Funktionalit\u00e4t, z. B. Suche, Anfragen, etc. verbunden. Um die volle Funktionalit\u00e4t unserer Website nutzen zu k\u00f6nnen, sollten Sie die Speicherung des Cookies auf Ihrem System zulassen. Nach Beendigung des Besuchs unserer Website k\u00f6nnen Sie die Cookies jederzeit von Ihrem System l\u00f6schen.<\/p>\n<p><\/p>","protected":false},"excerpt":{"rendered":"<p>Ein Cookie ist ein Datenelement, das eine Website an den Browser schicken kann, um es auf dem System des Users zu speichern, z.B. f\u00fcr den Zweck der Verbindungssteuerung w\u00e4hrend des Besuches auf einer Website oder f\u00fcr statistische Auswertungen. Um den<\/p>\n","protected":false},"author":1,"featured_media":0,"parent":0,"menu_order":0,"comment_status":"closed","ping_status":"closed","template":"","meta":{"footnotes":""},"class_list":["post-1890","page","type-page","status-publish","hentry"],"_links":{"self":[{"href":"https:\/\/hotel-zvezda.si\/de\/wp-json\/wp\/v2\/pages\/1890","targetHints":{"allow":["GET"]}}],"collection":[{"href":"https:\/\/hotel-zvezda.si\/de\/wp-json\/wp\/v2\/pages"}],"about":[{"href":"https:\/\/hotel-zvezda.si\/de\/wp-json\/wp\/v2\/types\/page"}],"author":[{"embeddable":true,"href":"https:\/\/hotel-zvezda.si\/de\/wp-json\/wp\/v2\/users\/1"}],"replies":[{"embeddable":true,"href":"https:\/\/hotel-zvezda.si\/de\/wp-json\/wp\/v2\/comments?post=1890"}],"version-history":[{"count":6,"href":"https:\/\/hotel-zvezda.si\/de\/wp-json\/wp\/v2\/pages\/1890\/revisions"}],"predecessor-version":[{"id":2208,"href":"https:\/\/hotel-zvezda.si\/de\/wp-json\/wp\/v2\/pages\/1890\/revisions\/2208"}],"wp:attachment":[{"href":"https:\/\/hotel-zvezda.si\/de\/wp-json\/wp\/v2\/media?parent=1890"}],"curies":[{"name":"wp","href":"https:\/\/api.w.org\/{rel}","templated":true}]}}