{"id":1762,"date":"2016-02-24T20:02:34","date_gmt":"2016-02-24T20:02:34","guid":{"rendered":"http:\/\/localhost\/hotel_zvezda\/?page_id=1762"},"modified":"2020-05-08T09:22:52","modified_gmt":"2020-05-08T09:22:52","slug":"nedeljska-samopostrezna-kosila","status":"publish","type":"page","link":"https:\/\/hotel-zvezda.si\/de\/nedeljska-samopostrezna-kosila\/","title":{"rendered":"Nedeljska KOSILA na terasi ZVEZDA &#8211; 10 eur (JUHA + GLAVNA JED + SLADICA)"},"content":{"rendered":"<div id=\"tinder_content_1762\" class=\"tinder_content_preview\">\n<table class=\"mce-item-table\">\n<tbody>\n<tr>\n<td style=\"border: #F8F8F8; vertical-align: top; background-image: url('https:\/\/www.hotel-zvezda.si\/wp-content\/uploads\/2015\/11\/priloge.jpg'); background-position: top center; background-repeat: no-repeat;\" width=\"220px\" height=\"1000px\" data-mce-style=\"border: #F8F8F8; vertical-align: top; background-image: url('https:\/\/www.hotel-zvezda.si\/wp-content\/uploads\/2015\/11\/priloge.jpg'); background-position: top center; background-repeat: no-repeat;\">&nbsp;<\/td>\n<td style=\"border: #F8F8F8; vertical-align: top;\" data-mce-style=\"border: #F8F8F8; vertical-align: top;\">\n<div class=\"lunchmenu\">\n<table class=\"aligncenter mce-item-table\" style=\"width: 520px;\" data-mce-style=\"width: 520px;\" data-mce-selected=\"1\">\n<tbody>\n<tr>\n<td style=\"text-align: left; border: #F8F8F8;\" data-mce-style=\"text-align: left; border: #F8F8F8;\">\n<p>&nbsp;Vljudno vabljeni na VRT ZVEZDA , V \u010cASU OD 09.05.-10.05.2020 vam nudimo VIKEND DNEVNA KOSILA &#8230;<\/p>\n<p>GOVEJA IN GOBOVA JUHA&nbsp;<\/p>\n<p>1. Kuhana govedina<\/p>\n<p>Priloga<\/p>\n<p>Solata&nbsp;<\/p>\n<p><br data-mce-bogus=\"1\"><\/p>\n<p>2. Razli\u010dni svinjski ali pi\u0161\u010dan\u010dji zrezek (naravni, po pari\u0161ko, po dunajsko)&nbsp;<\/p>\n<p>Priloga&nbsp;<\/p>\n<p>Solata<\/p>\n<p><br data-mce-bogus=\"1\"><\/p>\n<p>3. PE\u010cENA POSTRV&nbsp;<\/p>\n<p>Priloga&nbsp;<\/p>\n<p>Solata&nbsp;<\/p>\n<p>+&nbsp;<\/p>\n<p>DNEVNA SLADICA&nbsp;<\/p>\n<p><br data-mce-bogus=\"1\"><\/p>\n<p>Cena: 10,00 EUR&nbsp;<\/p>\n<p><br data-mce-bogus=\"1\"><\/p>\n<p><br data-mce-bogus=\"1\"><\/p>\n<\/td>\n<\/tr>\n<\/tbody>\n<\/table>\n<\/div>\n<\/td>\n<td style=\"border: #F8F8F8; vertical-align: top; background-image: url('https:\/\/www.hotel-zvezda.si\/wp-content\/uploads\/2015\/11\/solatedesno.jpg'); background-position: top center; background-repeat: no-repeat;\" width=\"220px\" height=\"1000px\" data-mce-style=\"border: #F8F8F8; vertical-align: top; background-image: url('https:\/\/www.hotel-zvezda.si\/wp-content\/uploads\/2015\/11\/solatedesno.jpg'); background-position: top center; background-repeat: no-repeat;\">&nbsp;<\/td>\n<\/tr>\n<\/tbody>\n<\/table>\n<\/div>\n<div id=\"mceResizeHandlen\" data-mce-bogus=\"all\" class=\"mce-resizehandle\" unselectable=\"true\" style=\"cursor: n-resize; margin: 0px; padding: 0px; left: 493.5px; top: 8.5px;\"><\/div>\n<div id=\"mceResizeHandlee\" data-mce-bogus=\"all\" class=\"mce-resizehandle\" unselectable=\"true\" style=\"cursor: e-resize; margin: 0px; padding: 0px; left: 753.5px; top: 424.5px;\"><\/div>\n<div id=\"mceResizeHandles\" data-mce-bogus=\"all\" class=\"mce-resizehandle\" unselectable=\"true\" style=\"cursor: s-resize; margin: 0px; padding: 0px; left: 493.5px; top: 840.5px;\"><\/div>\n<div id=\"mceResizeHandlew\" data-mce-bogus=\"all\" class=\"mce-resizehandle\" unselectable=\"true\" style=\"cursor: w-resize; margin: 0px; padding: 0px; left: 233.5px; top: 424.5px;\"><\/div>\n<div id=\"mceResizeHandlenw\" data-mce-bogus=\"all\" class=\"mce-resizehandle\" unselectable=\"true\" style=\"cursor: nw-resize; margin: 0px; padding: 0px; left: 233.5px; top: 8.5px;\"><\/div>\n<div id=\"mceResizeHandlene\" data-mce-bogus=\"all\" class=\"mce-resizehandle\" unselectable=\"true\" style=\"cursor: ne-resize; margin: 0px; padding: 0px; left: 753.5px; top: 8.5px;\"><\/div>\n<div id=\"mceResizeHandlese\" data-mce-bogus=\"all\" class=\"mce-resizehandle\" unselectable=\"true\" style=\"cursor: se-resize; margin: 0px; padding: 0px; left: 753.5px; top: 840.5px;\"><\/div>\n<div id=\"mceResizeHandlesw\" data-mce-bogus=\"all\" class=\"mce-resizehandle\" unselectable=\"true\" style=\"cursor: sw-resize; margin: 0px; padding: 0px; left: 233.5px; top: 840.5px;\"><\/div>\n","protected":false},"excerpt":{"rendered":"<p>&nbsp; &nbsp;Vljudno vabljeni na VRT ZVEZDA , V \u010cASU OD 09.05.-10.05.2020 vam nudimo VIKEND DNEVNA KOSILA &#8230; GOVEJA IN GOBOVA JUHA&nbsp; 1. Kuhana govedina Priloga Solata&nbsp; 2. Razli\u010dni svinjski ali pi\u0161\u010dan\u010dji zrezek (naravni, po pari\u0161ko, po dunajsko)&nbsp; Priloga&nbsp; Solata 3.<\/p>\n","protected":false},"author":1,"featured_media":0,"parent":0,"menu_order":0,"comment_status":"closed","ping_status":"closed","template":"","meta":{"footnotes":""},"class_list":["post-1762","page","type-page","status-publish","hentry"],"_links":{"self":[{"href":"https:\/\/hotel-zvezda.si\/de\/wp-json\/wp\/v2\/pages\/1762","targetHints":{"allow":["GET"]}}],"collection":[{"href":"https:\/\/hotel-zvezda.si\/de\/wp-json\/wp\/v2\/pages"}],"about":[{"href":"https:\/\/hotel-zvezda.si\/de\/wp-json\/wp\/v2\/types\/page"}],"author":[{"embeddable":true,"href":"https:\/\/hotel-zvezda.si\/de\/wp-json\/wp\/v2\/users\/1"}],"replies":[{"embeddable":true,"href":"https:\/\/hotel-zvezda.si\/de\/wp-json\/wp\/v2\/comments?post=1762"}],"version-history":[{"count":12,"href":"https:\/\/hotel-zvezda.si\/de\/wp-json\/wp\/v2\/pages\/1762\/revisions"}],"predecessor-version":[{"id":2738,"href":"https:\/\/hotel-zvezda.si\/de\/wp-json\/wp\/v2\/pages\/1762\/revisions\/2738"}],"wp:attachment":[{"href":"https:\/\/hotel-zvezda.si\/de\/wp-json\/wp\/v2\/media?parent=1762"}],"curies":[{"name":"wp","href":"https:\/\/api.w.org\/{rel}","templated":true}]}}