{"id":1240,"date":"2016-02-08T00:04:09","date_gmt":"2016-02-08T00:04:09","guid":{"rendered":"http:\/\/localhost\/hotel_zvezda\/?page_id=1240"},"modified":"2018-03-08T11:04:47","modified_gmt":"2018-03-08T11:04:47","slug":"turisticna-agencija","status":"publish","type":"page","link":"https:\/\/hotel-zvezda.si\/de\/turisticna-agencija\/","title":{"rendered":"Pivovarna Zvezda"},"content":{"rendered":"<div id=\"tinder_content_1240\" class=\"tinder_content_preview\">\n<div id=\"tinder_content_1240\" class=\"tinder_content_preview\">\n<p style=\"text-align: center;\" data-mce-style=\"text-align: center;\">PIVOVARNA&nbsp;ZVEZDA<\/p>\n<p style=\"text-align: center;\" data-mce-style=\"text-align: center;\"><a href=\"https:\/\/www.hotel-zvezda.si\/wp-content\/uploads\/2018\/03\/LOGOTIP_Pivo.png\" data-mce-href=\"https:\/\/www.hotel-zvezda.si\/wp-content\/uploads\/2018\/03\/LOGOTIP_Pivo.png\"><img loading=\"lazy\" decoding=\"async\" class=\"alignnone size-medium wp-image-2533\" src=\"https:\/\/www.hotel-zvezda.si\/wp-content\/uploads\/2018\/03\/LOGOTIP_Pivo-300x133.png\" alt=\"LOGOTIP_Pivo\" width=\"300\" height=\"133\" data-mce-src=\"https:\/\/www.hotel-zvezda.si\/wp-content\/uploads\/2018\/03\/LOGOTIP_Pivo-300x133.png\" srcset=\"https:\/\/hotel-zvezda.si\/wp-content\/uploads\/2018\/03\/LOGOTIP_Pivo-300x133.png 300w, https:\/\/hotel-zvezda.si\/wp-content\/uploads\/2018\/03\/LOGOTIP_Pivo-1024x453.png 1024w, https:\/\/hotel-zvezda.si\/wp-content\/uploads\/2018\/03\/LOGOTIP_Pivo.png 1057w\" sizes=\"auto, (max-width: 300px) 100vw, 300px\" \/><\/a><\/p>\n<p style=\"text-align: center;\" data-mce-style=\"text-align: center;\">Pred nekaj manj kot dvajsetimi leti, natan\u010dneje leta 1999 je Restavracija in pivnica Zvezda v Murski Soboti svojim gostom prvi\u010d postregla z vr\u010dkom doma varjenega piva. Osem let kasneje se je proizvodnja zaustavila in zdelo se je, da so \u010dasi &#8222;Zvezda&#8220; pive minili. Potrebnih je bilo deset su\u0161nih let, da se je situacija spremenila. Po ponovnem zagonu pivovarne septembra 2017 boste pri nas lahko ponovno u\u017eivali v doma varjenem pivu, kjer vam bomo za za\u010detek ponudili \u0161tiri razli\u010dne vrste piva, svetlo pivo Zvezda, temno pivo Republika, amber Rde\u010di Kolibri in posebnost pivovarne zeleno pivo z imenom Zeleni \u0160krat.<br \/><strong>SVETLO ZVEZDA<\/strong>&nbsp;<br \/>Svetlo pivo Zvezda je nefiltrirano in ne pasterizirano. Svetli premium lager Zvezda je varjen po izvirni \u010de\u0161ki recepturi in je temelj na\u0161e pivovarne \u017ee od leta 1999. Pivo vsebuje dva slada in to sta Pilsner in Cristal lajt in na\u0161 odli\u010dni slovenski hmelj Aurora in Stirijan gold.&nbsp;Svetlo pivo Zvezda je lahko pitno z ne\u017eno hmeljno aromo in nizko vsebnostjo CO2. Ima bogato belo peno in zlato rumeno barvo in je za naj\u0161ir\u0161i krog ljubiteljev piva. Vsebnost alkohola je 4,5%.<br \/><strong>TEMNO REPUBLIKA<\/strong><br \/>Temno lager pivo Republika je narejeno po starem \u010de\u0161kem receptu in dopolnjuje ponudbo svetlega lagerja v njegovi temnej\u0161i izvedbi. Temno pivo vsebuje tri razli\u010dne slade, ki so Pilsner, Melan in Blek, ter slovenski hmelj.<br \/>Temno pivo Repubklika s temno karamelo dodatno obogati telo piva in ustvari sladkobnej\u0161o noto. Vsebnost alkohola je 4,5%.<br \/><strong>ZELENI \u0160KRAT<\/strong><br \/>Pivo je varjeno po starem \u010de\u0161kem receptu. S to plemenito pija\u010do smo hoteli nekaj ve\u010d, vanj smo skrbno vlo\u017eili vse znanje in ustvarili pivo zelene barve s sne\u017eno belo bogato peno iz savinjskega hmelja. To je pivo v pravem pomenu besede. <br \/>V vr\u010dek nato\u010dimo jasno, smaragdno zeleno pivo, ki ga pokriva srednje velika in dokaj obstojna bela penasta krema. Aroma je zelo ne\u017ena, zaznali bomo namre\u010d le rahle kruhaste note. Okus se za\u010dne z rahlo sladkobo in kruhastim ob\u010dutkom, zaklju\u010di pa se z ne\u017eno grenkobo hmelja. To je zelo lahek in piten Pilsner, ki se po okusu sicer ne razlikuje zelo od navadnega svetlega piva, je pa brez dvoma nekaj druga\u010dnega in zanimivega. Vsebnost alkohola je 4,2%.<br \/><strong>RDE\u010cI KOLIBRI<\/strong><br \/>Pivo je varjeno po na\u010delu klasi\u010dnega lagerja. Vsebuje 4 vrste je\u010dmena in 3 vrste slovenskega hmelja. Pivo je hladno hmeljeno s slovenskim hmeljem Kolibri. Hmelj nam pove\u010da grenkobo a nam da prijetno aromo. Rde\u010do barvo nam da slad amber, zato je pivo popolnoma naravno in brez dodanih aromatov ali barvil.&nbsp;Vsebnost alkohola je 5,5%.<\/p>\n<p style=\"text-align: center;\" data-mce-style=\"text-align: center;\"><img loading=\"lazy\" decoding=\"async\" class=\"alignnone size-large wp-image-2532\" src=\"https:\/\/www.hotel-zvezda.si\/wp-content\/uploads\/2018\/03\/piva-zvezda-2018--1024x681.jpg\" alt=\"piva zvezda 2018\" width=\"720\" height=\"479\" data-mce-src=\"https:\/\/www.hotel-zvezda.si\/wp-content\/uploads\/2018\/03\/piva-zvezda-2018--1024x681.jpg\" srcset=\"https:\/\/hotel-zvezda.si\/wp-content\/uploads\/2018\/03\/piva-zvezda-2018--1024x681.jpg 1024w, https:\/\/hotel-zvezda.si\/wp-content\/uploads\/2018\/03\/piva-zvezda-2018--300x200.jpg 300w\" sizes=\"auto, (max-width: 720px) 100vw, 720px\" \/><\/p>\n<\/div>\n<\/div>\n","protected":false},"excerpt":{"rendered":"<p>PIVOVARNA&nbsp;ZVEZDA Pred nekaj manj kot dvajsetimi leti, natan\u010dneje leta 1999 je Restavracija in pivnica Zvezda v Murski Soboti svojim gostom prvi\u010d postregla z vr\u010dkom doma varjenega piva. Osem let kasneje se je proizvodnja zaustavila in zdelo se je, da so<\/p>\n","protected":false},"author":1,"featured_media":0,"parent":0,"menu_order":0,"comment_status":"closed","ping_status":"closed","template":"","meta":{"footnotes":""},"class_list":["post-1240","page","type-page","status-publish","hentry"],"_links":{"self":[{"href":"https:\/\/hotel-zvezda.si\/de\/wp-json\/wp\/v2\/pages\/1240","targetHints":{"allow":["GET"]}}],"collection":[{"href":"https:\/\/hotel-zvezda.si\/de\/wp-json\/wp\/v2\/pages"}],"about":[{"href":"https:\/\/hotel-zvezda.si\/de\/wp-json\/wp\/v2\/types\/page"}],"author":[{"embeddable":true,"href":"https:\/\/hotel-zvezda.si\/de\/wp-json\/wp\/v2\/users\/1"}],"replies":[{"embeddable":true,"href":"https:\/\/hotel-zvezda.si\/de\/wp-json\/wp\/v2\/comments?post=1240"}],"version-history":[{"count":40,"href":"https:\/\/hotel-zvezda.si\/de\/wp-json\/wp\/v2\/pages\/1240\/revisions"}],"predecessor-version":[{"id":2537,"href":"https:\/\/hotel-zvezda.si\/de\/wp-json\/wp\/v2\/pages\/1240\/revisions\/2537"}],"wp:attachment":[{"href":"https:\/\/hotel-zvezda.si\/de\/wp-json\/wp\/v2\/media?parent=1240"}],"curies":[{"name":"wp","href":"https:\/\/api.w.org\/{rel}","templated":true}]}}